{"id":7405,"date":"2024-08-30T09:28:51","date_gmt":"2024-08-30T13:28:51","guid":{"rendered":"https:\/\/aeda98f9949b0dd36904bc18d8f82a80\/?page_id=7405"},"modified":"2024-08-30T09:34:23","modified_gmt":"2024-08-30T13:34:23","slug":"gros-calibre","status":"publish","type":"page","link":"https:\/\/www.gdotscanada.com\/fr\/gros-calibre\/","title":{"rendered":"Gros Calibre"},"content":{"rendered":"<p>[et_pb_section fb_built=\u00a0\u00bb1&Prime; _builder_version=\u00a0\u00bb4.25.2&Prime; _module_preset=\u00a0\u00bbdefault\u00a0\u00bb background_image=\u00a0\u00bbhttps:\/\/www.gdotscanada.com\/wp-content\/uploads\/Large-Caliber-Munitions-header.jpg\u00a0\u00bb custom_padding=\u00a0\u00bb3%||3%||true|false\u00a0\u00bb global_colors_info=\u00a0\u00bb{}\u00a0\u00bb locked=\u00a0\u00bboff\u00a0\u00bb theme_builder_area=\u00a0\u00bbpost_content\u00a0\u00bb][et_pb_row _builder_version=\u00a0\u00bb4.25.2&Prime; _module_preset=\u00a0\u00bbdefault\u00a0\u00bb global_colors_info=\u00a0\u00bb{}\u00a0\u00bb theme_builder_area=\u00a0\u00bbpost_content\u00a0\u00bb][et_pb_column type=\u00a0\u00bb4_4&Prime; _builder_version=\u00a0\u00bb4.25.2&Prime; _module_preset=\u00a0\u00bbdefault\u00a0\u00bb global_colors_info=\u00a0\u00bb{}\u00a0\u00bb theme_builder_area=\u00a0\u00bbpost_content\u00a0\u00bb][et_pb_divider show_divider=\u00a0\u00bboff\u00a0\u00bb _builder_version=\u00a0\u00bb4.25.2&Prime; _module_preset=\u00a0\u00bbdefault\u00a0\u00bb custom_padding=\u00a0\u00bb3%||3%||true|false\u00a0\u00bb global_colors_info=\u00a0\u00bb{}\u00a0\u00bb theme_builder_area=\u00a0\u00bbpost_content\u00a0\u00bb][\/et_pb_divider][et_pb_text _builder_version=\u00a0\u00bb4.27.0&Prime; _module_preset=\u00a0\u00bbdefault\u00a0\u00bb header_text_color=\u00a0\u00bb#FFFFFF\u00a0\u00bb header_font_size=\u00a0\u00bb40px\u00a0\u00bb hover_enabled=\u00a0\u00bb0&Prime; global_colors_info=\u00a0\u00bb{}\u00a0\u00bb theme_builder_area=\u00a0\u00bbpost_content\u00a0\u00bb sticky_enabled=\u00a0\u00bb0&Prime;]<\/p>\n<h1>Gros Calibre<\/h1>\n<p>[\/et_pb_text][et_pb_divider show_divider=\u00a0\u00bboff\u00a0\u00bb _builder_version=\u00a0\u00bb4.25.2&Prime; _module_preset=\u00a0\u00bbdefault\u00a0\u00bb custom_padding=\u00a0\u00bb1%||1%||true|false\u00a0\u00bb global_colors_info=\u00a0\u00bb{}\u00a0\u00bb theme_builder_area=\u00a0\u00bbpost_content\u00a0\u00bb][\/et_pb_divider][\/et_pb_column][\/et_pb_row][\/et_pb_section][et_pb_section fb_built=\u00a0\u00bb1&Prime; _builder_version=\u00a0\u00bb4.25.2&Prime; _module_preset=\u00a0\u00bbdefault\u00a0\u00bb custom_padding=\u00a0\u00bb||2%||false|false\u00a0\u00bb locked=\u00a0\u00bboff\u00a0\u00bb global_colors_info=\u00a0\u00bb{}\u00a0\u00bb theme_builder_area=\u00a0\u00bbpost_content\u00a0\u00bb][et_pb_row column_structure=\u00a0\u00bb1_3,1_3,1_3&Prime; _builder_version=\u00a0\u00bb4.27.0&Prime; _module_preset=\u00a0\u00bbdefault\u00a0\u00bb custom_margin=\u00a0\u00bb||||false|false\u00a0\u00bb custom_padding=\u00a0\u00bb||||false|false\u00a0\u00bb global_colors_info=\u00a0\u00bb{}\u00a0\u00bb theme_builder_area=\u00a0\u00bbpost_content\u00a0\u00bb][et_pb_column type=\u00a0\u00bb1_3&Prime; _builder_version=\u00a0\u00bb4.25.2&Prime; _module_preset=\u00a0\u00bbdefault\u00a0\u00bb global_colors_info=\u00a0\u00bb{}\u00a0\u00bb theme_builder_area=\u00a0\u00bbpost_content\u00a0\u00bb][et_pb_image src=\u00a0\u00bbhttps:\/\/www.gdotscanada.com\/wp-content\/uploads\/LCA-57mm.jpg\u00a0\u00bb title_text=\u00a0\u00bbLCA-57mm\u00a0\u00bb _builder_version=\u00a0\u00bb4.25.2&Prime; _module_preset=\u00a0\u00bbdefault\u00a0\u00bb global_colors_info=\u00a0\u00bb{}\u00a0\u00bb theme_builder_area=\u00a0\u00bbpost_content\u00a0\u00bb][\/et_pb_image][et_pb_cta title=\u00a0\u00bb Munitions de 57 mm \/ L70&Prime; button_url=\u00a0\u00bbhttps:\/\/www.gdotscanada.com\/fr\/product\/57mm-l70-ammunition\/\u00a0\u00bb button_text=\u00a0\u00bbApprendre encore plus\u00a0\u00bb _builder_version=\u00a0\u00bb4.27.0&Prime; _module_preset=\u00a0\u00bbdefault\u00a0\u00bb header_text_align=\u00a0\u00bbleft\u00a0\u00bb background_color=\u00a0\u00bb#074973&Prime; custom_button=\u00a0\u00bbon\u00a0\u00bb button_text_size=\u00a0\u00bb14px\u00a0\u00bb button_border_radius=\u00a0\u00bb80px\u00a0\u00bb button_icon=\u00a0\u00bb&#x35;||divi||400&Prime; text_orientation=\u00a0\u00bbleft\u00a0\u00bb custom_margin=\u00a0\u00bb-10%||||false|false\u00a0\u00bb custom_padding=\u00a0\u00bb||61%||false|false\u00a0\u00bb hover_enabled=\u00a0\u00bb0&Prime; global_colors_info=\u00a0\u00bb{}\u00a0\u00bb button_bg_color__hover_enabled=\u00a0\u00bbon|hover\u00a0\u00bb button_bg_color__hover=\u00a0\u00bbRGBA(255,255,255,0)\u00a0\u00bb button_bg_enable_color__hover=\u00a0\u00bbon\u00a0\u00bb button_border_color__hover_enabled=\u00a0\u00bbon|hover\u00a0\u00bb button_border_color__hover=\u00a0\u00bb#FFFFFF\u00a0\u00bb button_icon_color__hover_enabled=\u00a0\u00bbon|hover\u00a0\u00bb button_icon_color__hover=\u00a0\u00bb#FFFFFF\u00a0\u00bb theme_builder_area=\u00a0\u00bbpost_content\u00a0\u00bb sticky_enabled=\u00a0\u00bb0&Prime;]<\/p>\n<p><span>General Dynamics Produits de d\u00e9fense et Syst\u00e8mes tactiques\u00a0\u2013 Canada (GD-OTS\u00a0\u2013 Canada) produit les cartouches d\u2019exercice de tir (TP) C100 et 3P (pr\u00e9fragment\u00e9e, programmable, proximit\u00e9) de 57\u00a0mm <\/span><em>(sous licence de BAE Systems au Canada) <\/em><span>pour le canon automatique de 57\u00a0mm L70 Mk\u00a03 de BAE Systems en cours d\u2019installation sur les fr\u00e9gates de classe Halifax de la Marine canadienne.<\/span><\/p>\n<p>[\/et_pb_cta][\/et_pb_column][et_pb_column type=\u00a0\u00bb1_3&Prime; _builder_version=\u00a0\u00bb4.25.2&Prime; _module_preset=\u00a0\u00bbdefault\u00a0\u00bb global_colors_info=\u00a0\u00bb{}\u00a0\u00bb theme_builder_area=\u00a0\u00bbpost_content\u00a0\u00bb][et_pb_image src=\u00a0\u00bbhttps:\/\/www.gdotscanada.com\/wp-content\/uploads\/LCA-81mm.jpg\u00a0\u00bb title_text=\u00a0\u00bbLCA-81mm\u00a0\u00bb _builder_version=\u00a0\u00bb4.25.2&Prime; _module_preset=\u00a0\u00bbdefault\u00a0\u00bb global_colors_info=\u00a0\u00bb{}\u00a0\u00bb theme_builder_area=\u00a0\u00bbpost_content\u00a0\u00bb][\/et_pb_image][et_pb_cta title=\u00a0\u00bbMunitions d\u2019infanterie de 81 mm\u00a0\u00bb button_url=\u00a0\u00bbhttps:\/\/www.gdotscanada.com\/fr\/product\/munitions-dinfanterie-de-81-mm\/\u00a0\u00bb button_text=\u00a0\u00bbApprendre encore plus\u00a0\u00bb _builder_version=\u00a0\u00bb4.27.0&Prime; _module_preset=\u00a0\u00bbdefault\u00a0\u00bb header_text_align=\u00a0\u00bbleft\u00a0\u00bb background_color=\u00a0\u00bb#074973&Prime; custom_button=\u00a0\u00bbon\u00a0\u00bb button_text_size=\u00a0\u00bb14px\u00a0\u00bb button_border_radius=\u00a0\u00bb80px\u00a0\u00bb button_icon=\u00a0\u00bb&#x35;||divi||400&Prime; text_orientation=\u00a0\u00bbleft\u00a0\u00bb custom_margin=\u00a0\u00bb-10%||||false|false\u00a0\u00bb custom_padding=\u00a0\u00bb||84%||false|false\u00a0\u00bb hover_enabled=\u00a0\u00bb0&Prime; global_colors_info=\u00a0\u00bb{}\u00a0\u00bb button_bg_color__hover=\u00a0\u00bbRGBA(255,255,255,0)\u00a0\u00bb button_bg_color__hover_enabled=\u00a0\u00bbon|hover\u00a0\u00bb button_border_color__hover=\u00a0\u00bb#FFFFFF\u00a0\u00bb button_border_color__hover_enabled=\u00a0\u00bbon|hover\u00a0\u00bb button_icon_color__hover=\u00a0\u00bb#FFFFFF\u00a0\u00bb button_icon_color__hover_enabled=\u00a0\u00bbon|hover\u00a0\u00bb theme_builder_area=\u00a0\u00bbpost_content\u00a0\u00bb sticky_enabled=\u00a0\u00bb0&Prime;]<\/p>\n<p><span>General Dynamics Produits de d\u00e9fense et Syst\u00e8mes tactiques\u00a0\u2013 Canada (GD-OTS\u00a0\u2013 Canada) fabrique quatre types diff\u00e9rents d\u2019obus de mortier de 81\u00a0mm\u00a0: \u2013\u00a0explosif d\u00e9tonant (HE); \u2013\u00a0\u00e9clairant (ILL); \u2013\u00a0fumig\u00e8ne, phosphore rouge (RPS); \u2013\u00a0calage C120.<\/span><\/p>\n<p>[\/et_pb_cta][\/et_pb_column][et_pb_column type=\u00a0\u00bb1_3&Prime; _builder_version=\u00a0\u00bb4.25.2&Prime; _module_preset=\u00a0\u00bbdefault\u00a0\u00bb global_colors_info=\u00a0\u00bb{}\u00a0\u00bb theme_builder_area=\u00a0\u00bbpost_content\u00a0\u00bb][et_pb_image src=\u00a0\u00bbhttps:\/\/www.gdotscanada.com\/wp-content\/uploads\/LCA-84mm.jpg\u00a0\u00bb title_text=\u00a0\u00bbLCA-84mm\u00a0\u00bb _builder_version=\u00a0\u00bb4.25.2&Prime; _module_preset=\u00a0\u00bbdefault\u00a0\u00bb custom_padding=\u00a0\u00bb||||false|false\u00a0\u00bb global_colors_info=\u00a0\u00bb{}\u00a0\u00bb theme_builder_area=\u00a0\u00bbpost_content\u00a0\u00bb][\/et_pb_image][et_pb_cta title=\u00a0\u00bbMunitions de 84 mm\u00a0\u00bb button_url=\u00a0\u00bbhttps:\/\/www.gdotscanada.com\/fr\/product\/munitions-de-84-mm\/\u00a0\u00bb button_text=\u00a0\u00bbApprendre encore plus\u00a0\u00bb _builder_version=\u00a0\u00bb4.27.0&Prime; _module_preset=\u00a0\u00bbdefault\u00a0\u00bb header_text_align=\u00a0\u00bbleft\u00a0\u00bb background_color=\u00a0\u00bb#074973&Prime; custom_button=\u00a0\u00bbon\u00a0\u00bb button_text_size=\u00a0\u00bb14px\u00a0\u00bb button_border_radius=\u00a0\u00bb80px\u00a0\u00bb button_icon=\u00a0\u00bb&#x35;||divi||400&Prime; text_orientation=\u00a0\u00bbleft\u00a0\u00bb custom_margin=\u00a0\u00bb-10%||||false|false\u00a0\u00bb custom_padding=\u00a0\u00bb||12%||false|false\u00a0\u00bb link_option_url_new_window=\u00a0\u00bbon\u00a0\u00bb hover_enabled=\u00a0\u00bb0&Prime; global_colors_info=\u00a0\u00bb{}\u00a0\u00bb button_bg_color__hover=\u00a0\u00bbRGBA(255,255,255,0)\u00a0\u00bb button_bg_color__hover_enabled=\u00a0\u00bbon|hover\u00a0\u00bb button_border_color__hover=\u00a0\u00bb#FFFFFF\u00a0\u00bb button_border_color__hover_enabled=\u00a0\u00bbon|hover\u00a0\u00bb button_icon_color__hover=\u00a0\u00bb#FFFFFF\u00a0\u00bb button_icon_color__hover_enabled=\u00a0\u00bbon|hover\u00a0\u00bb theme_builder_area=\u00a0\u00bbpost_content\u00a0\u00bb sticky_enabled=\u00a0\u00bb0&Prime;]<\/p>\n<p><span>Le syst\u00e8me de canon sans recul Carl-Gustaf est extr\u00eamement polyvalent.\u00a0 La capacit\u00e9 multir\u00f4le d\u2019une arme peut faire toute la diff\u00e9rence entre la r\u00e9ussite et l\u2019\u00e9chec au combat. Le syst\u00e8me hautement polyvalent Carl-Gustaf est v\u00e9ritablement un syst\u00e8me d\u2019arme multir\u00f4le portable tir\u00e9 \u00e0 l\u2019\u00e9paule. \u00a0General Dynamics Produits de d\u00e9fense et Syst\u00e8mes tactiques\u00a0\u2013 Canada offre divers types de munitions allant des munitions perforantes et antipersonnel aux munitions pour les zones construites, ainsi que des caract\u00e9ristiques sp\u00e9ciales comme la fum\u00e9e et l\u2019illumination. <\/span><\/p>\n<p>[\/et_pb_cta][\/et_pb_column][\/et_pb_row][et_pb_row column_structure=\u00a0\u00bb1_3,1_3,1_3&Prime; _builder_version=\u00a0\u00bb4.27.0&Prime; _module_preset=\u00a0\u00bbdefault\u00a0\u00bb custom_margin=\u00a0\u00bb||||false|false\u00a0\u00bb custom_padding=\u00a0\u00bb||||false|false\u00a0\u00bb global_colors_info=\u00a0\u00bb{}\u00a0\u00bb theme_builder_area=\u00a0\u00bbpost_content\u00a0\u00bb][et_pb_column type=\u00a0\u00bb1_3&Prime; _builder_version=\u00a0\u00bb4.25.2&Prime; _module_preset=\u00a0\u00bbdefault\u00a0\u00bb global_colors_info=\u00a0\u00bb{}\u00a0\u00bb theme_builder_area=\u00a0\u00bbpost_content\u00a0\u00bb][et_pb_image src=\u00a0\u00bbhttps:\/\/www.gdotscanada.com\/wp-content\/uploads\/LCA-105mm.jpg\u00a0\u00bb title_text=\u00a0\u00bbLCA-105mm\u00a0\u00bb _builder_version=\u00a0\u00bb4.25.2&Prime; _module_preset=\u00a0\u00bbdefault\u00a0\u00bb global_colors_info=\u00a0\u00bb{}\u00a0\u00bb theme_builder_area=\u00a0\u00bbpost_content\u00a0\u00bb][\/et_pb_image][et_pb_cta title=\u00a0\u00bbMunitions d\u2019artillerie de 105 mm\u00a0\u00bb button_url=\u00a0\u00bbhttps:\/\/www.gdotscanada.com\/fr\/product\/munitions-dartillerie-de-105-mm\/\u00a0\u00bb button_text=\u00a0\u00bbApprendre encore plus\u00a0\u00bb _builder_version=\u00a0\u00bb4.27.0&Prime; _module_preset=\u00a0\u00bbdefault\u00a0\u00bb header_text_align=\u00a0\u00bbleft\u00a0\u00bb background_color=\u00a0\u00bb#074973&Prime; custom_button=\u00a0\u00bbon\u00a0\u00bb button_text_size=\u00a0\u00bb14px\u00a0\u00bb button_border_radius=\u00a0\u00bb80px\u00a0\u00bb button_icon=\u00a0\u00bb&#x35;||divi||400&Prime; text_orientation=\u00a0\u00bbleft\u00a0\u00bb custom_margin=\u00a0\u00bb-10%||||false|false\u00a0\u00bb custom_padding=\u00a0\u00bb||28%||false|false\u00a0\u00bb hover_enabled=\u00a0\u00bb0&Prime; global_colors_info=\u00a0\u00bb{}\u00a0\u00bb button_bg_color__hover=\u00a0\u00bbRGBA(255,255,255,0)\u00a0\u00bb button_bg_color__hover_enabled=\u00a0\u00bbon|hover\u00a0\u00bb button_border_color__hover=\u00a0\u00bb#FFFFFF\u00a0\u00bb button_border_color__hover_enabled=\u00a0\u00bbon|hover\u00a0\u00bb button_icon_color__hover=\u00a0\u00bb#FFFFFF\u00a0\u00bb button_icon_color__hover_enabled=\u00a0\u00bbon|hover\u00a0\u00bb theme_builder_area=\u00a0\u00bbpost_content\u00a0\u00bb sticky_enabled=\u00a0\u00bb0&Prime;]<\/p>\n<p><span>General Dynamics Produits de d\u00e9fense et Syst\u00e8mes tactiques\u00a0\u2013 Canada offre une gamme compl\u00e8te de munitions d\u2019artillerie de 105\u00a0mm pour les obusiers de 105\u00a0mm, y compris des cartouches \u00e0 explosif d\u00e9tonant, \u00e9clairantes et \u00e0 blanc. Nos remplissages HE constitu\u00e9s de TNT ou de composition\u00a0B et produits dans notre installation de fusion et de coulage r\u00e9pondent \u00e0 tous les facteurs de s\u00e9curit\u00e9 critiques.<\/span><\/p>\n<p>[\/et_pb_cta][\/et_pb_column][et_pb_column type=\u00a0\u00bb1_3&Prime; _builder_version=\u00a0\u00bb4.25.2&Prime; _module_preset=\u00a0\u00bbdefault\u00a0\u00bb global_colors_info=\u00a0\u00bb{}\u00a0\u00bb theme_builder_area=\u00a0\u00bbpost_content\u00a0\u00bb][et_pb_image src=\u00a0\u00bbhttps:\/\/www.gdotscanada.com\/wp-content\/uploads\/LCA-105mm-Tank_rounds.jpg\u00a0\u00bb title_text=\u00a0\u00bbLCA-105mm-Tank_rounds\u00a0\u00bb _builder_version=\u00a0\u00bb4.25.2&Prime; _module_preset=\u00a0\u00bbdefault\u00a0\u00bb global_colors_info=\u00a0\u00bb{}\u00a0\u00bb theme_builder_area=\u00a0\u00bbpost_content\u00a0\u00bb][\/et_pb_image][et_pb_cta title=\u00a0\u00bb Munitions de char 105 mm\u00a0\u00bb button_url=\u00a0\u00bbhttps:\/\/www.gdotscanada.com\/fr\/product\/munitions-de-char-de-105-mm\/\u00a0\u00bb button_text=\u00a0\u00bbApprendre encore plus\u00a0\u00bb _builder_version=\u00a0\u00bb4.27.0&Prime; _module_preset=\u00a0\u00bbdefault\u00a0\u00bb header_text_align=\u00a0\u00bbleft\u00a0\u00bb background_color=\u00a0\u00bb#074973&Prime; custom_button=\u00a0\u00bbon\u00a0\u00bb button_text_size=\u00a0\u00bb14px\u00a0\u00bb button_border_radius=\u00a0\u00bb80px\u00a0\u00bb button_icon=\u00a0\u00bb&#x35;||divi||400&Prime; text_orientation=\u00a0\u00bbleft\u00a0\u00bb custom_margin=\u00a0\u00bb-10%||||false|false\u00a0\u00bb custom_padding=\u00a0\u00bb||||false|false\u00a0\u00bb hover_enabled=\u00a0\u00bb0&Prime; global_colors_info=\u00a0\u00bb{}\u00a0\u00bb button_bg_color__hover=\u00a0\u00bbRGBA(255,255,255,0)\u00a0\u00bb button_bg_color__hover_enabled=\u00a0\u00bbon|hover\u00a0\u00bb button_border_color__hover=\u00a0\u00bb#FFFFFF\u00a0\u00bb button_border_color__hover_enabled=\u00a0\u00bbon|hover\u00a0\u00bb button_icon_color__hover=\u00a0\u00bb#FFFFFF\u00a0\u00bb button_icon_color__hover_enabled=\u00a0\u00bbon|hover\u00a0\u00bb theme_builder_area=\u00a0\u00bbpost_content\u00a0\u00bb sticky_enabled=\u00a0\u00bb0&Prime;]<\/p>\n<p><span>General Dynamics Produits de d\u00e9fense et Syst\u00e8mes tactiques\u00a0\u2013 Canada (GD-OTS Canada) offre d\u00e9sormais deux des cartouches d\u2019exercice pour syst\u00e8me de canon mobile (SCM) sur le march\u00e9 aujourd\u2019hui\u00a0: les SRTPDS-T C148 et SH\/P-T C109A1 homologu\u00e9es par l\u2019OTAN. La C148 a une port\u00e9e s\u00e9curitaire de 8\u00a0km, ce qui en fait l\u2019obus d\u2019exercice pour char le plus efficace de son type. \u00a0Les deux cartouches peuvent \u00eatre tir\u00e9es dans un canon de char L7 ou M68 et elles sont actuellement en service dans les Forces arm\u00e9es canadiennes.<\/span><\/p>\n<p>[\/et_pb_cta][\/et_pb_column][et_pb_column type=\u00a0\u00bb1_3&Prime; _builder_version=\u00a0\u00bb4.25.2&Prime; _module_preset=\u00a0\u00bbdefault\u00a0\u00bb global_colors_info=\u00a0\u00bb{}\u00a0\u00bb theme_builder_area=\u00a0\u00bbpost_content\u00a0\u00bb][et_pb_image src=\u00a0\u00bbhttps:\/\/www.gdotscanada.com\/wp-content\/uploads\/LCA-120mm-Tanks.jpg\u00a0\u00bb title_text=\u00a0\u00bbLCA-120mm-Tanks\u00a0\u00bb _builder_version=\u00a0\u00bb4.25.2&Prime; _module_preset=\u00a0\u00bbdefault\u00a0\u00bb global_colors_info=\u00a0\u00bb{}\u00a0\u00bb theme_builder_area=\u00a0\u00bbpost_content\u00a0\u00bb][\/et_pb_image][et_pb_cta title=\u00a0\u00bbMunitions de char de 120 mm\u00a0\u00bb button_url=\u00a0\u00bbhttps:\/\/www.gdotscanada.com\/fr\/product\/munitions-de-char-de-120-mm\/\u00a0\u00bb button_text=\u00a0\u00bbApprendre encore plus\u00a0\u00bb _builder_version=\u00a0\u00bb4.27.0&Prime; _module_preset=\u00a0\u00bbdefault\u00a0\u00bb header_text_align=\u00a0\u00bbleft\u00a0\u00bb background_color=\u00a0\u00bb#074973&Prime; custom_button=\u00a0\u00bbon\u00a0\u00bb button_text_size=\u00a0\u00bb14px\u00a0\u00bb button_border_radius=\u00a0\u00bb80px\u00a0\u00bb button_icon=\u00a0\u00bb&#x35;||divi||400&Prime; text_orientation=\u00a0\u00bbleft\u00a0\u00bb custom_margin=\u00a0\u00bb-10%||||false|false\u00a0\u00bb custom_padding=\u00a0\u00bb||45%||false|false\u00a0\u00bb hover_enabled=\u00a0\u00bb0&Prime; global_colors_info=\u00a0\u00bb{}\u00a0\u00bb button_bg_color__hover=\u00a0\u00bbRGBA(255,255,255,0)\u00a0\u00bb button_bg_color__hover_enabled=\u00a0\u00bbon|hover\u00a0\u00bb button_border_color__hover=\u00a0\u00bb#FFFFFF\u00a0\u00bb button_border_color__hover_enabled=\u00a0\u00bbon|hover\u00a0\u00bb button_icon_color__hover=\u00a0\u00bb#FFFFFF\u00a0\u00bb button_icon_color__hover_enabled=\u00a0\u00bbon|hover\u00a0\u00bb theme_builder_area=\u00a0\u00bbpost_content\u00a0\u00bb sticky_enabled=\u00a0\u00bb0&Prime;]<\/p>\n<p><span>General Dynamics Produits de d\u00e9fense et Syst\u00e8mes tactiques\u00a0\u2013 Canada (GD-OTS\u00a0\u2013 Canada) est un des principaux fournisseurs de munitions de char de gros calibre.\u00a0Les munitions de char de 120\u00a0mm de renomm\u00e9e mondiale de l\u2019entreprise combinent une puissance de frappe formidable accompagn\u00e9e d\u2019avancements technologiques produisant une efficacit\u00e9 hors pair au combat.<\/span><\/p>\n<p>[\/et_pb_cta][\/et_pb_column][\/et_pb_row][et_pb_row column_structure=\u00a0\u00bb1_3,1_3,1_3&Prime; _builder_version=\u00a0\u00bb4.27.0&Prime; _module_preset=\u00a0\u00bbdefault\u00a0\u00bb custom_margin=\u00a0\u00bb||||false|false\u00a0\u00bb custom_padding=\u00a0\u00bb||||false|false\u00a0\u00bb global_colors_info=\u00a0\u00bb{}\u00a0\u00bb theme_builder_area=\u00a0\u00bbpost_content\u00a0\u00bb][et_pb_column type=\u00a0\u00bb1_3&Prime; _builder_version=\u00a0\u00bb4.25.2&Prime; _module_preset=\u00a0\u00bbdefault\u00a0\u00bb global_colors_info=\u00a0\u00bb{}\u00a0\u00bb theme_builder_area=\u00a0\u00bbpost_content\u00a0\u00bb][et_pb_image src=\u00a0\u00bbhttps:\/\/www.gdotscanada.com\/wp-content\/uploads\/LCA-155mm-Tanks.jpg\u00a0\u00bb title_text=\u00a0\u00bbLCA-155mm-Tanks\u00a0\u00bb _builder_version=\u00a0\u00bb4.25.2&Prime; _module_preset=\u00a0\u00bbdefault\u00a0\u00bb global_colors_info=\u00a0\u00bb{}\u00a0\u00bb theme_builder_area=\u00a0\u00bbpost_content\u00a0\u00bb][\/et_pb_image][et_pb_cta title=\u00a0\u00bbMunitions d\u2019artillerie 155 mm\u00a0\u00bb button_url=\u00a0\u00bbhttps:\/\/www.gdotscanada.com\/fr\/product\/155mm-artillery-ammunition\/\u00a0\u00bb button_text=\u00a0\u00bbApprendre encore plus\u00a0\u00bb _builder_version=\u00a0\u00bb4.27.0&Prime; _module_preset=\u00a0\u00bbdefault\u00a0\u00bb header_text_align=\u00a0\u00bbleft\u00a0\u00bb background_color=\u00a0\u00bb#074973&Prime; custom_button=\u00a0\u00bbon\u00a0\u00bb button_text_size=\u00a0\u00bb14px\u00a0\u00bb button_border_radius=\u00a0\u00bb80px\u00a0\u00bb button_icon=\u00a0\u00bb&#x35;||divi||400&Prime; text_orientation=\u00a0\u00bbleft\u00a0\u00bb custom_margin=\u00a0\u00bb-10%||||false|false\u00a0\u00bb custom_padding=\u00a0\u00bb||||false|false\u00a0\u00bb hover_enabled=\u00a0\u00bb0&Prime; global_colors_info=\u00a0\u00bb{}\u00a0\u00bb button_bg_color__hover=\u00a0\u00bbRGBA(255,255,255,0)\u00a0\u00bb button_bg_color__hover_enabled=\u00a0\u00bbon|hover\u00a0\u00bb button_border_color__hover=\u00a0\u00bb#FFFFFF\u00a0\u00bb button_border_color__hover_enabled=\u00a0\u00bbon|hover\u00a0\u00bb button_icon_color__hover=\u00a0\u00bb#FFFFFF\u00a0\u00bb button_icon_color__hover_enabled=\u00a0\u00bbon|hover\u00a0\u00bb theme_builder_area=\u00a0\u00bbpost_content\u00a0\u00bb sticky_enabled=\u00a0\u00bb0&Prime;]<\/p>\n<p><span>General Dynamics Produits de d\u00e9fense et Syst\u00e8mes tactiques\u00a0\u2013 Canada (GD-OTS\u00a0\u2013 Canada) fournit une large gamme de munitions de 155\u00a0mm pouvant r\u00e9pondre \u00e0 un \u00e9ventail complet d\u2019exigences de mission contemporaines avec le maximum d\u2019efficacit\u00e9.\u00a0Les technologies innovantes de GD-OTS Canada en mati\u00e8re de munitions produisent des solutions \u00e0 haute performance qui r\u00e9volutionnent l\u2019art qu\u2019est l\u2019artillerie.<\/span><\/p>\n<p>[\/et_pb_cta][\/et_pb_column][et_pb_column type=\u00a0\u00bb1_3&Prime; _builder_version=\u00a0\u00bb4.25.2&Prime; _module_preset=\u00a0\u00bbdefault\u00a0\u00bb global_colors_info=\u00a0\u00bb{}\u00a0\u00bb theme_builder_area=\u00a0\u00bbpost_content\u00a0\u00bb][\/et_pb_column][et_pb_column type=\u00a0\u00bb1_3&Prime; _builder_version=\u00a0\u00bb4.25.2&Prime; _module_preset=\u00a0\u00bbdefault\u00a0\u00bb global_colors_info=\u00a0\u00bb{}\u00a0\u00bb theme_builder_area=\u00a0\u00bbpost_content\u00a0\u00bb][\/et_pb_column][\/et_pb_row][\/et_pb_section]<\/p>\n","protected":false},"excerpt":{"rendered":"<p>Gros CalibreGeneral Dynamics Produits de d\u00e9fense et Syst\u00e8mes tactiques\u00a0\u2013 Canada (GD-OTS\u00a0\u2013 Canada) produit les cartouches d\u2019exercice de tir (TP) C100 et 3P (pr\u00e9fragment\u00e9e, programmable, proximit\u00e9) de 57\u00a0mm (sous licence de BAE Systems au Canada) pour le canon automatique de 57\u00a0mm L70 Mk\u00a03 de BAE Systems en cours d\u2019installation sur les fr\u00e9gates de classe Halifax de la Marine canadienne.General Dynamics Produits de d\u00e9fense et Syst\u00e8mes tactiques\u00a0\u2013 Canada (GD-OTS\u00a0\u2013 Canada) fabrique quatre types diff\u00e9rents d\u2019obus de mortier de 81\u00a0mm\u00a0: \u2013\u00a0explosif d\u00e9tonant (HE); \u2013\u00a0\u00e9clairant (ILL); \u2013\u00a0fumig\u00e8ne, phosphore rouge (RPS); \u2013\u00a0calage C120.Le syst\u00e8me de canon sans recul Carl-Gustaf est extr\u00eamement polyvalent.\u00a0 La capacit\u00e9 multir\u00f4le d\u2019une arme peut faire toute la diff\u00e9rence entre la r\u00e9ussite et l\u2019\u00e9chec au combat. Le syst\u00e8me hautement polyvalent Carl-Gustaf est v\u00e9ritablement un syst\u00e8me d\u2019arme multir\u00f4le portable tir\u00e9 \u00e0 l\u2019\u00e9paule. \u00a0General Dynamics Produits de d\u00e9fense et Syst\u00e8mes tactiques\u00a0\u2013 Canada offre divers types de munitions allant des munitions perforantes et antipersonnel aux munitions pour les zones construites, ainsi que des caract\u00e9ristiques sp\u00e9ciales comme la fum\u00e9e et l\u2019illumination. General Dynamics Produits de d\u00e9fense et Syst\u00e8mes tactiques\u00a0\u2013 Canada offre une gamme compl\u00e8te de munitions d\u2019artillerie de 105\u00a0mm pour les obusiers de 105\u00a0mm, y compris des cartouches \u00e0 explosif d\u00e9tonant, \u00e9clairantes et \u00e0 blanc. Nos [&hellip;]<\/p>\n","protected":false},"author":30,"featured_media":0,"parent":0,"menu_order":0,"comment_status":"closed","ping_status":"closed","template":"","meta":{"_et_pb_use_builder":"on","_et_pb_old_content":"","_et_gb_content_width":"","footnotes":""},"dipi_cpt_category":[],"class_list":["post-7405","page","type-page","status-publish","hentry"],"_links":{"self":[{"href":"https:\/\/www.gdotscanada.com\/fr\/wp-json\/wp\/v2\/pages\/7405","targetHints":{"allow":["GET"]}}],"collection":[{"href":"https:\/\/www.gdotscanada.com\/fr\/wp-json\/wp\/v2\/pages"}],"about":[{"href":"https:\/\/www.gdotscanada.com\/fr\/wp-json\/wp\/v2\/types\/page"}],"author":[{"embeddable":true,"href":"https:\/\/www.gdotscanada.com\/fr\/wp-json\/wp\/v2\/users\/30"}],"replies":[{"embeddable":true,"href":"https:\/\/www.gdotscanada.com\/fr\/wp-json\/wp\/v2\/comments?post=7405"}],"version-history":[{"count":0,"href":"https:\/\/www.gdotscanada.com\/fr\/wp-json\/wp\/v2\/pages\/7405\/revisions"}],"wp:attachment":[{"href":"https:\/\/www.gdotscanada.com\/fr\/wp-json\/wp\/v2\/media?parent=7405"}],"wp:term":[{"taxonomy":"dipi_cpt_category","embeddable":true,"href":"https:\/\/www.gdotscanada.com\/fr\/wp-json\/wp\/v2\/dipi_cpt_category?post=7405"}],"curies":[{"name":"wp","href":"https:\/\/api.w.org\/{rel}","templated":true}]}}