{"id":7367,"date":"2024-08-28T15:42:44","date_gmt":"2024-08-28T19:42:44","guid":{"rendered":"https:\/\/aeda98f9949b0dd36904bc18d8f82a80\/?page_id=7367"},"modified":"2024-08-28T16:15:30","modified_gmt":"2024-08-28T20:15:30","slug":"moyen-calibre","status":"publish","type":"page","link":"https:\/\/www.gdotscanada.com\/fr\/moyen-calibre\/","title":{"rendered":"Moyen Calibre"},"content":{"rendered":"<p>[et_pb_section fb_built=\u00a0\u00bb1&Prime; _builder_version=\u00a0\u00bb4.25.2&Prime; _module_preset=\u00a0\u00bbdefault\u00a0\u00bb background_image=\u00a0\u00bbhttps:\/\/www.gdotscanada.com\/wp-content\/uploads\/generic_HEADER1.jpg\u00a0\u00bb background_position=\u00a0\u00bbtop_center\u00a0\u00bb locked=\u00a0\u00bboff\u00a0\u00bb global_colors_info=\u00a0\u00bb{}\u00a0\u00bb][et_pb_row _builder_version=\u00a0\u00bb4.25.2&Prime; _module_preset=\u00a0\u00bbdefault\u00a0\u00bb global_colors_info=\u00a0\u00bb{}\u00a0\u00bb][et_pb_column type=\u00a0\u00bb4_4&Prime; _builder_version=\u00a0\u00bb4.25.2&Prime; _module_preset=\u00a0\u00bbdefault\u00a0\u00bb global_colors_info=\u00a0\u00bb{}\u00a0\u00bb][et_pb_divider show_divider=\u00a0\u00bboff\u00a0\u00bb _builder_version=\u00a0\u00bb4.25.2&Prime; _module_preset=\u00a0\u00bbdefault\u00a0\u00bb custom_padding=\u00a0\u00bb3%||3%||true|false\u00a0\u00bb global_colors_info=\u00a0\u00bb{}\u00a0\u00bb][\/et_pb_divider][et_pb_text _builder_version=\u00a0\u00bb4.27.0&Prime; _module_preset=\u00a0\u00bbdefault\u00a0\u00bb header_text_color=\u00a0\u00bb#FFFFFF\u00a0\u00bb header_font_size=\u00a0\u00bb40px\u00a0\u00bb global_colors_info=\u00a0\u00bb{}\u00a0\u00bb]<\/p>\n<h1>Moyen Calibre<\/h1>\n<p>[\/et_pb_text][et_pb_divider show_divider=\u00a0\u00bboff\u00a0\u00bb _builder_version=\u00a0\u00bb4.25.2&Prime; _module_preset=\u00a0\u00bbdefault\u00a0\u00bb custom_padding=\u00a0\u00bb1%||1%||true|false\u00a0\u00bb global_colors_info=\u00a0\u00bb{}\u00a0\u00bb][\/et_pb_divider][\/et_pb_column][\/et_pb_row][\/et_pb_section][et_pb_section fb_built=\u00a0\u00bb1&Prime; _builder_version=\u00a0\u00bb4.27.0&Prime; _module_preset=\u00a0\u00bbdefault\u00a0\u00bb global_colors_info=\u00a0\u00bb{}\u00a0\u00bb custom_padding=\u00a0\u00bb|11px||||\u00a0\u00bb][et_pb_row column_structure=\u00a0\u00bb1_3,1_3,1_3&Prime; _builder_version=\u00a0\u00bb4.25.2&Prime; _module_preset=\u00a0\u00bbdefault\u00a0\u00bb custom_margin=\u00a0\u00bb||0px||false|false\u00a0\u00bb custom_padding=\u00a0\u00bb||0px||false|false\u00a0\u00bb locked=\u00a0\u00bboff\u00a0\u00bb global_colors_info=\u00a0\u00bb{}\u00a0\u00bb][et_pb_column type=\u00a0\u00bb1_3&Prime; _builder_version=\u00a0\u00bb4.25.2&Prime; _module_preset=\u00a0\u00bbdefault\u00a0\u00bb global_colors_info=\u00a0\u00bb{}\u00a0\u00bb][et_pb_image src=\u00a0\u00bbhttps:\/\/www.gdotscanada.com\/wp-content\/uploads\/20&#215;102-Ammunition.jpg\u00a0\u00bb title_text=\u00a0\u00bb20&#215;102-Ammunition\u00a0\u00bb _builder_version=\u00a0\u00bb4.25.2&Prime; _module_preset=\u00a0\u00bbdefault\u00a0\u00bb global_colors_info=\u00a0\u00bb{}\u00a0\u00bb][\/et_pb_image][et_pb_cta title=\u00a0\u00bbMunitions de 20x102mm \u00a0\u00bb button_url=\u00a0\u00bbhttps:\/\/www.gdotscanada.com\/fr\/product\/munitions-de-20-mm-x-102\/\u00a0\u00bb button_text=\u00a0\u00bbEn apprendre encore plus\u00a0\u00bb _builder_version=\u00a0\u00bb4.27.0&Prime; _module_preset=\u00a0\u00bbdefault\u00a0\u00bb header_text_align=\u00a0\u00bbleft\u00a0\u00bb background_color=\u00a0\u00bb#074973&Prime; custom_button=\u00a0\u00bbon\u00a0\u00bb button_text_size=\u00a0\u00bb13px\u00a0\u00bb button_border_width=\u00a0\u00bb2px\u00a0\u00bb button_border_radius=\u00a0\u00bb54px\u00a0\u00bb button_icon=\u00a0\u00bb&#xf054;||fa||900&Prime; button_icon_color=\u00a0\u00bbRGBA(255,255,255,0)\u00a0\u00bb text_orientation=\u00a0\u00bbleft\u00a0\u00bb custom_margin=\u00a0\u00bb-10%||||false|false\u00a0\u00bb custom_padding=\u00a0\u00bb||81%||false|false\u00a0\u00bb hover_enabled=\u00a0\u00bb0&Prime; global_colors_info=\u00a0\u00bb{}\u00a0\u00bb button_bg_color__hover_enabled=\u00a0\u00bbon|hover\u00a0\u00bb button_bg_color__hover=\u00a0\u00bbRGBA(255,255,255,0)\u00a0\u00bb button_bg_enable_color__hover=\u00a0\u00bbon\u00a0\u00bb button_border_color__hover_enabled=\u00a0\u00bbon|hover\u00a0\u00bb button_border_color__hover=\u00a0\u00bb#FFFFFF\u00a0\u00bb button_icon_color__hover=\u00a0\u00bb#FFFFFF\u00a0\u00bb button_icon_color__hover_enabled=\u00a0\u00bbon|hover\u00a0\u00bb sticky_enabled=\u00a0\u00bb0&Prime;]<\/p>\n<p><span>General Dynamics Produits de d\u00e9fense et Syst\u00e8mes tactiques\u00a0\u2013 Canada offre deux types de cartouches de tir d\u2019exercice (TP) de 20\u00a0mm\u00a0: \u2013\u00a0la cartouche de 20\u00a0mm M55A2-TP; \u2013\u00a0la nouvelle cartouche C144 PGU 27\/B TP.<\/span><\/p>\n<p>[\/et_pb_cta][\/et_pb_column][et_pb_column type=\u00a0\u00bb1_3&Prime; _builder_version=\u00a0\u00bb4.25.2&Prime; _module_preset=\u00a0\u00bbdefault\u00a0\u00bb global_colors_info=\u00a0\u00bb{}\u00a0\u00bb][et_pb_image src=\u00a0\u00bbhttps:\/\/www.gdotscanada.com\/wp-content\/uploads\/25&#215;137-Ammunition.jpg\u00a0\u00bb title_text=\u00a0\u00bb25&#215;137-Ammunition\u00a0\u00bb _builder_version=\u00a0\u00bb4.25.2&Prime; _module_preset=\u00a0\u00bbdefault\u00a0\u00bb global_colors_info=\u00a0\u00bb{}\u00a0\u00bb][\/et_pb_image][et_pb_cta title=\u00a0\u00bbMunitions de 25x137mm\u00a0\u00bb button_url=\u00a0\u00bbhttps:\/\/www.gdotscanada.com\/fr\/product\/munitions-de-25-mm-x-137\/\u00a0\u00bb button_text=\u00a0\u00bbEn apprendre encore plus\u00a0\u00bb _builder_version=\u00a0\u00bb4.27.0&Prime; _module_preset=\u00a0\u00bbdefault\u00a0\u00bb header_text_align=\u00a0\u00bbleft\u00a0\u00bb background_color=\u00a0\u00bb#074973&Prime; custom_button=\u00a0\u00bbon\u00a0\u00bb button_text_size=\u00a0\u00bb13px\u00a0\u00bb button_border_width=\u00a0\u00bb2px\u00a0\u00bb button_border_radius=\u00a0\u00bb54px\u00a0\u00bb button_icon=\u00a0\u00bb&#xf054;||fa||900&Prime; button_icon_color=\u00a0\u00bbRGBA(255,255,255,0)\u00a0\u00bb text_orientation=\u00a0\u00bbleft\u00a0\u00bb custom_margin=\u00a0\u00bb-10%||||false|false\u00a0\u00bb custom_padding=\u00a0\u00bb||16%||false|false\u00a0\u00bb hover_enabled=\u00a0\u00bb0&Prime; global_colors_info=\u00a0\u00bb{}\u00a0\u00bb button_bg_color__hover=\u00a0\u00bbRGBA(255,255,255,0)\u00a0\u00bb button_bg_color__hover_enabled=\u00a0\u00bbon|hover\u00a0\u00bb button_border_color__hover=\u00a0\u00bb#FFFFFF\u00a0\u00bb button_border_color__hover_enabled=\u00a0\u00bbon|hover\u00a0\u00bb button_icon_color__hover=\u00a0\u00bb#FFFFFF\u00a0\u00bb button_icon_color__hover_enabled=\u00a0\u00bbon|hover\u00a0\u00bb sticky_enabled=\u00a0\u00bb0&Prime;]<\/p>\n<p><span>General Dynamics Produits de d\u00e9fense et Syst\u00e8mes tactiques\u00a0\u2013 Canada offre cinq types de cartouches de 25\u00a0x\u00a0137\u00a0mm\u00a0: \u2013\u00a0la cartouche de tir d\u2019exercice tra\u00e7ante (TP-T); \u2013\u00a0la cartouche perforante stabilis\u00e9e par empennage, sabot d\u00e9tachable, tra\u00e7ante (APFSDS-T); \u2013\u00a0la cartouche frangible, stabilis\u00e9e par empennage, sabot d\u00e9tachable, tra\u00e7ante (FAPDS-T); \u2013\u00a0la cartouche de tir d\u2019exercice, sabot d\u00e9tachable, tra\u00e7ante (TPDS-T); \u2013\u00a0la cartouche \u00e0 explosif d\u00e9tonant, incendiaire, tra\u00e7ante (HEI-T).<\/span><\/p>\n<p>[\/et_pb_cta][\/et_pb_column][et_pb_column type=\u00a0\u00bb1_3&Prime; _builder_version=\u00a0\u00bb4.25.2&Prime; _module_preset=\u00a0\u00bbdefault\u00a0\u00bb global_colors_info=\u00a0\u00bb{}\u00a0\u00bb][et_pb_image src=\u00a0\u00bbhttps:\/\/www.gdotscanada.com\/wp-content\/uploads\/40x46mm-Ammunition.jpg\u00a0\u00bb title_text=\u00a0\u00bb40x46mm-Ammunition\u00a0\u00bb _builder_version=\u00a0\u00bb4.25.2&Prime; _module_preset=\u00a0\u00bbdefault\u00a0\u00bb custom_padding=\u00a0\u00bb||||false|false\u00a0\u00bb global_colors_info=\u00a0\u00bb{}\u00a0\u00bb][\/et_pb_image][et_pb_cta title=\u00a0\u00bbMunitions de 40x46mm \u00a0\u00bb button_url=\u00a0\u00bbhttps:\/\/www.gdotscanada.com\/fr\/product\/munitions-de-40-mm-x-46\/\u00a0\u00bb button_text=\u00a0\u00bbEn apprendre encore plus\u00a0\u00bb _builder_version=\u00a0\u00bb4.27.0&Prime; _module_preset=\u00a0\u00bbdefault\u00a0\u00bb header_text_align=\u00a0\u00bbleft\u00a0\u00bb background_color=\u00a0\u00bb#074973&Prime; custom_button=\u00a0\u00bbon\u00a0\u00bb button_text_size=\u00a0\u00bb13px\u00a0\u00bb button_border_width=\u00a0\u00bb2px\u00a0\u00bb button_border_radius=\u00a0\u00bb54px\u00a0\u00bb button_icon=\u00a0\u00bb&#xf054;||fa||900&Prime; button_icon_color=\u00a0\u00bbRGBA(255,255,255,0)\u00a0\u00bb text_orientation=\u00a0\u00bbleft\u00a0\u00bb custom_margin=\u00a0\u00bb-10%||||false|false\u00a0\u00bb custom_padding=\u00a0\u00bb||57%||false|false\u00a0\u00bb link_option_url_new_window=\u00a0\u00bbon\u00a0\u00bb global_colors_info=\u00a0\u00bb{}\u00a0\u00bb button_bg_color__hover=\u00a0\u00bbRGBA(255,255,255,0)\u00a0\u00bb button_bg_color__hover_enabled=\u00a0\u00bbon|hover\u00a0\u00bb button_border_color__hover=\u00a0\u00bb#FFFFFF\u00a0\u00bb button_border_color__hover_enabled=\u00a0\u00bbon|hover\u00a0\u00bb button_icon_color__hover=\u00a0\u00bb#FFFFFF\u00a0\u00bb button_icon_color__hover_enabled=\u00a0\u00bbon|hover\u00a0\u00bb]<\/p>\n<p><span>La munition de 40\u00a0x\u00a046\u00a0mm est une cartouche \u00e0 basse vitesse pour les lance-grenades en service dans les Forces arm\u00e9es canadiennes et leurs alli\u00e9s. La cartouche de 40\u00a0x\u00a046\u00a0mm est utilis\u00e9e dans des armes \u00e0 main telles que les lance-grenades M79, M203 et M320, et les armes \u00e0 coups multiples M32 MGL ou Zak\u0142ady Mechaniczne \u00ab\u00a0Tarn\u00f3w\u00a0\u00bb SA RPG-40.<\/span><\/p>\n<p>[\/et_pb_cta][\/et_pb_column][\/et_pb_row][et_pb_row column_structure=\u00a0\u00bb1_3,1_3,1_3&Prime; _builder_version=\u00a0\u00bb4.27.0&Prime; _module_preset=\u00a0\u00bbdefault\u00a0\u00bb custom_margin=\u00a0\u00bb||||false|false\u00a0\u00bb custom_padding=\u00a0\u00bb||||false|false\u00a0\u00bb locked=\u00a0\u00bboff\u00a0\u00bb global_colors_info=\u00a0\u00bb{}\u00a0\u00bb][et_pb_column type=\u00a0\u00bb1_3&Prime; _builder_version=\u00a0\u00bb4.25.2&Prime; _module_preset=\u00a0\u00bbdefault\u00a0\u00bb global_colors_info=\u00a0\u00bb{}\u00a0\u00bb][et_pb_image src=\u00a0\u00bbhttps:\/\/www.gdotscanada.com\/wp-content\/uploads\/40x53mm-Ammunition.jpg\u00a0\u00bb title_text=\u00a0\u00bb40x53mm-Ammunition\u00a0\u00bb _builder_version=\u00a0\u00bb4.25.2&Prime; _module_preset=\u00a0\u00bbdefault\u00a0\u00bb global_colors_info=\u00a0\u00bb{}\u00a0\u00bb][\/et_pb_image][et_pb_cta title=\u00a0\u00bbMunitions de 40x53mm \u00a0\u00bb button_url=\u00a0\u00bbhttps:\/\/www.gdotscanada.com\/fr\/product\/munitions-de-40-mm-x-53\/\u00a0\u00bb button_text=\u00a0\u00bbEn apprendre encore plus\u00a0\u00bb _builder_version=\u00a0\u00bb4.27.0&Prime; _module_preset=\u00a0\u00bbdefault\u00a0\u00bb header_text_align=\u00a0\u00bbleft\u00a0\u00bb background_color=\u00a0\u00bb#074973&Prime; custom_button=\u00a0\u00bbon\u00a0\u00bb button_text_size=\u00a0\u00bb13px\u00a0\u00bb button_border_width=\u00a0\u00bb2px\u00a0\u00bb button_border_radius=\u00a0\u00bb54px\u00a0\u00bb button_icon=\u00a0\u00bb&#xf054;||fa||900&Prime; button_icon_color=\u00a0\u00bbRGBA(255,255,255,0)\u00a0\u00bb text_orientation=\u00a0\u00bbleft\u00a0\u00bb custom_margin=\u00a0\u00bb-10%||||false|false\u00a0\u00bb custom_padding=\u00a0\u00bb||||false|false\u00a0\u00bb global_colors_info=\u00a0\u00bb{}\u00a0\u00bb button_bg_color__hover=\u00a0\u00bbRGBA(255,255,255,0)\u00a0\u00bb button_bg_color__hover_enabled=\u00a0\u00bbon|hover\u00a0\u00bb button_border_color__hover=\u00a0\u00bb#FFFFFF\u00a0\u00bb button_border_color__hover_enabled=\u00a0\u00bbon|hover\u00a0\u00bb button_icon_color__hover=\u00a0\u00bb#FFFFFF\u00a0\u00bb button_icon_color__hover_enabled=\u00a0\u00bbon|hover\u00a0\u00bb]<\/p>\n<p><span>La munition de 40\u00a0x\u00a053\u00a0mm est une cartouche \u00e0 haute vitesse pour les lance-grenades automatiques en service dans les Forces arm\u00e9es canadiennes et leurs alli\u00e9s. La munition de 40\u00a0x\u00a053\u00a0mm est utilis\u00e9e dans les lance-grenades automatiques mont\u00e9s sur des tr\u00e9pieds, des v\u00e9hicules ou des h\u00e9licopt\u00e8res tels que le lance-grenades Mk\u00a019, la mitrailleuse \u00e0 grenades (GMG) de 40\u00a0mm Mk\u00a047 \u00ab\u00a0Striker\u00a0\u00bb, la GMG Heckler\u00a0&amp; Koch ou le lance-grenades automatique sud-africain Vektor\u00a0Y3. Dans ces r\u00f4les, les cartouches sont reli\u00e9es entre elles par des maillons d\u00e9tachables m\u00e9talliques.<\/span><\/p>\n<p>[\/et_pb_cta][\/et_pb_column][et_pb_column type=\u00a0\u00bb1_3&Prime; _builder_version=\u00a0\u00bb4.25.2&Prime; _module_preset=\u00a0\u00bbdefault\u00a0\u00bb global_colors_info=\u00a0\u00bb{}\u00a0\u00bb][\/et_pb_column][et_pb_column type=\u00a0\u00bb1_3&Prime; _builder_version=\u00a0\u00bb4.25.2&Prime; _module_preset=\u00a0\u00bbdefault\u00a0\u00bb global_colors_info=\u00a0\u00bb{}\u00a0\u00bb][\/et_pb_column][\/et_pb_row][\/et_pb_section]<\/p>\n","protected":false},"excerpt":{"rendered":"<p>Moyen CalibreGeneral Dynamics Produits de d\u00e9fense et Syst\u00e8mes tactiques\u00a0\u2013 Canada offre deux types de cartouches de tir d\u2019exercice (TP) de 20\u00a0mm\u00a0: \u2013\u00a0la cartouche de 20\u00a0mm M55A2-TP; \u2013\u00a0la nouvelle cartouche C144 PGU 27\/B TP.General Dynamics Produits de d\u00e9fense et Syst\u00e8mes tactiques\u00a0\u2013 Canada offre cinq types de cartouches de 25\u00a0x\u00a0137\u00a0mm\u00a0: \u2013\u00a0la cartouche de tir d\u2019exercice tra\u00e7ante (TP-T); \u2013\u00a0la cartouche perforante stabilis\u00e9e par empennage, sabot d\u00e9tachable, tra\u00e7ante (APFSDS-T); \u2013\u00a0la cartouche frangible, stabilis\u00e9e par empennage, sabot d\u00e9tachable, tra\u00e7ante (FAPDS-T); \u2013\u00a0la cartouche de tir d\u2019exercice, sabot d\u00e9tachable, tra\u00e7ante (TPDS-T); \u2013\u00a0la cartouche \u00e0 explosif d\u00e9tonant, incendiaire, tra\u00e7ante (HEI-T).La munition de 40\u00a0x\u00a046\u00a0mm est une cartouche \u00e0 basse vitesse pour les lance-grenades en service dans les Forces arm\u00e9es canadiennes et leurs alli\u00e9s. La cartouche de 40\u00a0x\u00a046\u00a0mm est utilis\u00e9e dans des armes \u00e0 main telles que les lance-grenades M79, M203 et M320, et les armes \u00e0 coups multiples M32 MGL ou Zak\u0142ady Mechaniczne \u00ab\u00a0Tarn\u00f3w\u00a0\u00bb SA RPG-40.La munition de 40\u00a0x\u00a053\u00a0mm est une cartouche \u00e0 haute vitesse pour les lance-grenades automatiques en service dans les Forces arm\u00e9es canadiennes et leurs alli\u00e9s. La munition de 40\u00a0x\u00a053\u00a0mm est utilis\u00e9e dans les lance-grenades automatiques mont\u00e9s sur des tr\u00e9pieds, des v\u00e9hicules ou des h\u00e9licopt\u00e8res tels que le lance-grenades Mk\u00a019, la mitrailleuse \u00e0 grenades (GMG) de [&hellip;]<\/p>\n","protected":false},"author":30,"featured_media":0,"parent":0,"menu_order":0,"comment_status":"closed","ping_status":"closed","template":"","meta":{"_et_pb_use_builder":"on","_et_pb_old_content":"","_et_gb_content_width":"","footnotes":""},"dipi_cpt_category":[],"class_list":["post-7367","page","type-page","status-publish","hentry"],"_links":{"self":[{"href":"https:\/\/www.gdotscanada.com\/fr\/wp-json\/wp\/v2\/pages\/7367","targetHints":{"allow":["GET"]}}],"collection":[{"href":"https:\/\/www.gdotscanada.com\/fr\/wp-json\/wp\/v2\/pages"}],"about":[{"href":"https:\/\/www.gdotscanada.com\/fr\/wp-json\/wp\/v2\/types\/page"}],"author":[{"embeddable":true,"href":"https:\/\/www.gdotscanada.com\/fr\/wp-json\/wp\/v2\/users\/30"}],"replies":[{"embeddable":true,"href":"https:\/\/www.gdotscanada.com\/fr\/wp-json\/wp\/v2\/comments?post=7367"}],"version-history":[{"count":0,"href":"https:\/\/www.gdotscanada.com\/fr\/wp-json\/wp\/v2\/pages\/7367\/revisions"}],"wp:attachment":[{"href":"https:\/\/www.gdotscanada.com\/fr\/wp-json\/wp\/v2\/media?parent=7367"}],"wp:term":[{"taxonomy":"dipi_cpt_category","embeddable":true,"href":"https:\/\/www.gdotscanada.com\/fr\/wp-json\/wp\/v2\/dipi_cpt_category?post=7367"}],"curies":[{"name":"wp","href":"https:\/\/api.w.org\/{rel}","templated":true}]}}