{"id":7330,"date":"2024-08-28T08:49:00","date_gmt":"2024-08-28T12:49:00","guid":{"rendered":"https:\/\/aeda98f9949b0dd36904bc18d8f82a80\/?page_id=7330"},"modified":"2024-09-04T08:57:02","modified_gmt":"2024-09-04T12:57:02","slug":"petit-calibre","status":"publish","type":"page","link":"https:\/\/www.gdotscanada.com\/fr\/petit-calibre\/","title":{"rendered":"Petit Calibre"},"content":{"rendered":"<p>[et_pb_section fb_built=\u00a0\u00bb1&Prime; _builder_version=\u00a0\u00bb4.25.2&Prime; _module_preset=\u00a0\u00bbdefault\u00a0\u00bb background_image=\u00a0\u00bbhttps:\/\/www.gdotscanada.com\/wp-content\/uploads\/generic_HEADER1.jpg\u00a0\u00bb background_position=\u00a0\u00bbtop_center\u00a0\u00bb locked=\u00a0\u00bboff\u00a0\u00bb global_colors_info=\u00a0\u00bb{}\u00a0\u00bb][et_pb_row _builder_version=\u00a0\u00bb4.25.2&Prime; _module_preset=\u00a0\u00bbdefault\u00a0\u00bb global_colors_info=\u00a0\u00bb{}\u00a0\u00bb][et_pb_column type=\u00a0\u00bb4_4&Prime; _builder_version=\u00a0\u00bb4.25.2&Prime; _module_preset=\u00a0\u00bbdefault\u00a0\u00bb global_colors_info=\u00a0\u00bb{}\u00a0\u00bb][et_pb_divider show_divider=\u00a0\u00bboff\u00a0\u00bb _builder_version=\u00a0\u00bb4.25.2&Prime; _module_preset=\u00a0\u00bbdefault\u00a0\u00bb custom_padding=\u00a0\u00bb3%||3%||true|false\u00a0\u00bb global_colors_info=\u00a0\u00bb{}\u00a0\u00bb][\/et_pb_divider][et_pb_text _builder_version=\u00a0\u00bb4.27.0&Prime; _module_preset=\u00a0\u00bbdefault\u00a0\u00bb header_text_color=\u00a0\u00bb#FFFFFF\u00a0\u00bb header_font_size=\u00a0\u00bb40px\u00a0\u00bb global_colors_info=\u00a0\u00bb{}\u00a0\u00bb]<\/p>\n<h1>Petit Calibre<\/h1>\n<p>[\/et_pb_text][et_pb_divider show_divider=\u00a0\u00bboff\u00a0\u00bb _builder_version=\u00a0\u00bb4.25.2&Prime; _module_preset=\u00a0\u00bbdefault\u00a0\u00bb custom_padding=\u00a0\u00bb1%||1%||true|false\u00a0\u00bb global_colors_info=\u00a0\u00bb{}\u00a0\u00bb][\/et_pb_divider][\/et_pb_column][\/et_pb_row][\/et_pb_section][et_pb_section fb_built=\u00a0\u00bb1&Prime; _builder_version=\u00a0\u00bb4.27.0&Prime; _module_preset=\u00a0\u00bbdefault\u00a0\u00bb global_colors_info=\u00a0\u00bb{}\u00a0\u00bb][et_pb_row column_structure=\u00a0\u00bb1_3,1_3,1_3&Prime; _builder_version=\u00a0\u00bb4.25.2&Prime; _module_preset=\u00a0\u00bbdefault\u00a0\u00bb custom_margin=\u00a0\u00bb||0px||false|false\u00a0\u00bb custom_padding=\u00a0\u00bb||0px||false|false\u00a0\u00bb locked=\u00a0\u00bboff\u00a0\u00bb global_colors_info=\u00a0\u00bb{}\u00a0\u00bb][et_pb_column type=\u00a0\u00bb1_3&Prime; _builder_version=\u00a0\u00bb4.25.2&Prime; _module_preset=\u00a0\u00bbdefault\u00a0\u00bb global_colors_info=\u00a0\u00bb{}\u00a0\u00bb][et_pb_image src=\u00a0\u00bbhttps:\/\/www.gdotscanada.com\/wp-content\/uploads\/9mm_ammunition.jpg\u00a0\u00bb title_text=\u00a0\u00bb9mm_ammunition\u00a0\u00bb _builder_version=\u00a0\u00bb4.25.2&Prime; _module_preset=\u00a0\u00bbdefault\u00a0\u00bb global_colors_info=\u00a0\u00bb{}\u00a0\u00bb][\/et_pb_image][et_pb_cta title=\u00a0\u00bbMunitions de 9 mm\u00a0\u00bb button_url=\u00a0\u00bbhttps:\/\/www.gdotscanada.com\/fr\/product\/munitions-de-9-mm-x-19\/\u00a0\u00bb button_text=\u00a0\u00bbEn apprendre encore plus\u00a0\u00bb _builder_version=\u00a0\u00bb4.27.0&Prime; _module_preset=\u00a0\u00bbdefault\u00a0\u00bb header_text_align=\u00a0\u00bbleft\u00a0\u00bb background_color=\u00a0\u00bb#074973&Prime; custom_button=\u00a0\u00bbon\u00a0\u00bb button_text_size=\u00a0\u00bb13px\u00a0\u00bb button_border_width=\u00a0\u00bb2px\u00a0\u00bb button_border_radius=\u00a0\u00bb54px\u00a0\u00bb button_icon=\u00a0\u00bb&#xf054;||fa||900&Prime; button_icon_color=\u00a0\u00bbRGBA(255,255,255,0)\u00a0\u00bb text_orientation=\u00a0\u00bbleft\u00a0\u00bb custom_margin=\u00a0\u00bb-10%||||false|false\u00a0\u00bb custom_padding=\u00a0\u00bb||17%||false|false\u00a0\u00bb hover_enabled=\u00a0\u00bb0&Prime; global_colors_info=\u00a0\u00bb{}\u00a0\u00bb button_bg_color__hover_enabled=\u00a0\u00bbon|hover\u00a0\u00bb button_bg_color__hover=\u00a0\u00bbRGBA(255,255,255,0)\u00a0\u00bb button_bg_enable_color__hover=\u00a0\u00bbon\u00a0\u00bb button_border_color__hover_enabled=\u00a0\u00bbon|hover\u00a0\u00bb button_border_color__hover=\u00a0\u00bb#FFFFFF\u00a0\u00bb button_icon_color__hover=\u00a0\u00bb#FFFFFF\u00a0\u00bb button_icon_color__hover_enabled=\u00a0\u00bbon|hover\u00a0\u00bb sticky_enabled=\u00a0\u00bb0&Prime;]<\/p>\n<p><span>General Dynamics Produits de d\u00e9fense et Syst\u00e8mes tactiques\u00a0\u2013 Canada (GD-OTS\u00a0\u2013 Canada) a fabriqu\u00e9 des centaines de millions de cartouches de petit calibre durant le si\u00e8cle depuis sa fondation. La cartouche de 9\u00a0mm a \u00e9t\u00e9 fabriqu\u00e9e pour plus de 70\u00a0pays et est devenue le calibre de pistolet standard de l\u2019OTAN et d\u2019autres forces militaires partout dans le monde.<\/span><\/p>\n<p>[\/et_pb_cta][\/et_pb_column][et_pb_column type=\u00a0\u00bb1_3&Prime; _builder_version=\u00a0\u00bb4.25.2&Prime; _module_preset=\u00a0\u00bbdefault\u00a0\u00bb global_colors_info=\u00a0\u00bb{}\u00a0\u00bb][et_pb_image src=\u00a0\u00bbhttps:\/\/www.gdotscanada.com\/wp-content\/uploads\/5.56&#215;45-ammunition-1.jpg\u00a0\u00bb title_text=\u00a0\u00bb5.56&#215;45-ammunition\u00a0\u00bb _builder_version=\u00a0\u00bb4.25.2&Prime; _module_preset=\u00a0\u00bbdefault\u00a0\u00bb global_colors_info=\u00a0\u00bb{}\u00a0\u00bb][\/et_pb_image][et_pb_cta title=\u00a0\u00bbMunitions de 5,56 mm\u00a0\u00bb button_url=\u00a0\u00bbhttps:\/\/www.gdotscanada.com\/fr\/product\/petit_calibre\/\u00a0\u00bb button_text=\u00a0\u00bbEn apprendre encore plus\u00a0\u00bb _builder_version=\u00a0\u00bb4.27.0&Prime; _module_preset=\u00a0\u00bbdefault\u00a0\u00bb header_text_align=\u00a0\u00bbleft\u00a0\u00bb background_color=\u00a0\u00bb#074973&Prime; custom_button=\u00a0\u00bbon\u00a0\u00bb button_text_size=\u00a0\u00bb13px\u00a0\u00bb button_border_width=\u00a0\u00bb2px\u00a0\u00bb button_border_radius=\u00a0\u00bb54px\u00a0\u00bb button_icon=\u00a0\u00bb&#xf054;||fa||900&Prime; button_icon_color=\u00a0\u00bbRGBA(255,255,255,0)\u00a0\u00bb text_orientation=\u00a0\u00bbleft\u00a0\u00bb custom_margin=\u00a0\u00bb-10%||||false|false\u00a0\u00bb custom_padding=\u00a0\u00bb||41%||false|false\u00a0\u00bb hover_enabled=\u00a0\u00bb0&Prime; global_colors_info=\u00a0\u00bb{}\u00a0\u00bb button_bg_color__hover=\u00a0\u00bbRGBA(255,255,255,0)\u00a0\u00bb button_bg_color__hover_enabled=\u00a0\u00bbon|hover\u00a0\u00bb button_border_color__hover=\u00a0\u00bb#FFFFFF\u00a0\u00bb button_border_color__hover_enabled=\u00a0\u00bbon|hover\u00a0\u00bb button_icon_color__hover=\u00a0\u00bb#FFFFFF\u00a0\u00bb button_icon_color__hover_enabled=\u00a0\u00bbon|hover\u00a0\u00bb sticky_enabled=\u00a0\u00bb0&Prime;]<\/p>\n<p>General Dynamics Produits de d\u00e9fense et Syst\u00e8mes tactiques\u00a0\u2013 Canada (GD-OTS\u00a0\u2013 Canada) a fabriqu\u00e9 des centaines de millions de cartouches de petit calibre durant le si\u00e8cle depuis sa fondation. Le calibre 5,56 est fabriqu\u00e9 depuis le d\u00e9but des ann\u00e9es\u00a01960.<\/p>\n<p>[\/et_pb_cta][\/et_pb_column][et_pb_column type=\u00a0\u00bb1_3&Prime; _builder_version=\u00a0\u00bb4.25.2&Prime; _module_preset=\u00a0\u00bbdefault\u00a0\u00bb global_colors_info=\u00a0\u00bb{}\u00a0\u00bb][et_pb_image src=\u00a0\u00bbhttps:\/\/www.gdotscanada.com\/wp-content\/uploads\/7.62-Ammunition-1.jpg\u00a0\u00bb title_text=\u00a0\u00bb7.62-Ammunition\u00a0\u00bb _builder_version=\u00a0\u00bb4.25.2&Prime; _module_preset=\u00a0\u00bbdefault\u00a0\u00bb custom_padding=\u00a0\u00bb||||false|false\u00a0\u00bb global_colors_info=\u00a0\u00bb{}\u00a0\u00bb][\/et_pb_image][et_pb_cta title=\u00a0\u00bbMunitions de 7,62 mm\u00a0\u00bb button_url=\u00a0\u00bbhttps:\/\/www.gdotscanada.com\/fr\/product\/munitions-de-762-mm-x-51\/\u00a0\u00bb button_text=\u00a0\u00bbEn apprendre encore plus\u00a0\u00bb _builder_version=\u00a0\u00bb4.27.0&Prime; _module_preset=\u00a0\u00bbdefault\u00a0\u00bb header_text_align=\u00a0\u00bbleft\u00a0\u00bb background_color=\u00a0\u00bb#074973&Prime; custom_button=\u00a0\u00bbon\u00a0\u00bb button_text_size=\u00a0\u00bb13px\u00a0\u00bb button_border_width=\u00a0\u00bb2px\u00a0\u00bb button_border_radius=\u00a0\u00bb54px\u00a0\u00bb button_icon=\u00a0\u00bb&#xf054;||fa||900&Prime; button_icon_color=\u00a0\u00bbRGBA(255,255,255,0)\u00a0\u00bb text_orientation=\u00a0\u00bbleft\u00a0\u00bb custom_margin=\u00a0\u00bb-10%||||false|false\u00a0\u00bb custom_padding=\u00a0\u00bb||41%||false|false\u00a0\u00bb link_option_url_new_window=\u00a0\u00bbon\u00a0\u00bb hover_enabled=\u00a0\u00bb0&Prime; global_colors_info=\u00a0\u00bb{}\u00a0\u00bb button_bg_color__hover=\u00a0\u00bbRGBA(255,255,255,0)\u00a0\u00bb button_bg_color__hover_enabled=\u00a0\u00bbon|hover\u00a0\u00bb button_border_color__hover=\u00a0\u00bb#FFFFFF\u00a0\u00bb button_border_color__hover_enabled=\u00a0\u00bbon|hover\u00a0\u00bb button_icon_color__hover=\u00a0\u00bb#FFFFFF\u00a0\u00bb button_icon_color__hover_enabled=\u00a0\u00bbon|hover\u00a0\u00bb sticky_enabled=\u00a0\u00bb0&Prime;]<\/p>\n<p>General Dynamics Produits de d\u00e9fense et Syst\u00e8mes tactiques\u00a0\u2013 Canada a fabriqu\u00e9 des centaines de millions de cartouches de petit calibre durant le si\u00e8cle depuis sa fondation. Le calibre 7,62 est fabriqu\u00e9 depuis le d\u00e9but des ann\u00e9es\u00a01950.<\/p>\n<p>[\/et_pb_cta][\/et_pb_column][\/et_pb_row][et_pb_row column_structure=\u00a0\u00bb1_3,1_3,1_3&Prime; _builder_version=\u00a0\u00bb4.27.0&Prime; _module_preset=\u00a0\u00bbdefault\u00a0\u00bb custom_margin=\u00a0\u00bb0px||||false|false\u00a0\u00bb custom_padding=\u00a0\u00bb3%||||false|false\u00a0\u00bb locked=\u00a0\u00bboff\u00a0\u00bb global_colors_info=\u00a0\u00bb{}\u00a0\u00bb][et_pb_column type=\u00a0\u00bb1_3&Prime; _builder_version=\u00a0\u00bb4.25.2&Prime; _module_preset=\u00a0\u00bbdefault\u00a0\u00bb global_colors_info=\u00a0\u00bb{}\u00a0\u00bb][et_pb_image src=\u00a0\u00bbhttps:\/\/www.gdotscanada.com\/wp-content\/uploads\/12.7-ammunition.jpg\u00a0\u00bb title_text=\u00a0\u00bb12.7-ammunition\u00a0\u00bb _builder_version=\u00a0\u00bb4.25.2&Prime; _module_preset=\u00a0\u00bbdefault\u00a0\u00bb global_colors_info=\u00a0\u00bb{}\u00a0\u00bb][\/et_pb_image][et_pb_cta title=\u00a0\u00bbMunitions de 12,7 mm\u00a0\u00bb button_url=\u00a0\u00bbhttps:\/\/www.gdotscanada.com\/fr\/product\/munitions-de-127-mm-x-99-calibre-50\/\u00a0\u00bb button_text=\u00a0\u00bbEn apprendre encore plus\u00a0\u00bb _builder_version=\u00a0\u00bb4.27.0&Prime; _module_preset=\u00a0\u00bbdefault\u00a0\u00bb header_text_align=\u00a0\u00bbleft\u00a0\u00bb background_color=\u00a0\u00bb#074973&Prime; custom_button=\u00a0\u00bbon\u00a0\u00bb button_text_size=\u00a0\u00bb13px\u00a0\u00bb button_border_width=\u00a0\u00bb2px\u00a0\u00bb button_border_radius=\u00a0\u00bb54px\u00a0\u00bb button_icon=\u00a0\u00bb&#xf054;||fa||900&Prime; button_icon_color=\u00a0\u00bbRGBA(255,255,255,0)\u00a0\u00bb text_orientation=\u00a0\u00bbleft\u00a0\u00bb custom_margin=\u00a0\u00bb-10%||||false|false\u00a0\u00bb custom_padding=\u00a0\u00bb||15%||false|false\u00a0\u00bb link_option_url_new_window=\u00a0\u00bbon\u00a0\u00bb global_colors_info=\u00a0\u00bb{}\u00a0\u00bb button_bg_color__hover=\u00a0\u00bbRGBA(255,255,255,0)\u00a0\u00bb button_bg_color__hover_enabled=\u00a0\u00bbon|hover\u00a0\u00bb button_border_color__hover=\u00a0\u00bb#FFFFFF\u00a0\u00bb button_border_color__hover_enabled=\u00a0\u00bbon|hover\u00a0\u00bb button_icon_color__hover=\u00a0\u00bb#FFFFFF\u00a0\u00bb button_icon_color__hover_enabled=\u00a0\u00bbon|hover\u00a0\u00bb]<\/p>\n<p>General Dynamics Produits de d\u00e9fense et Syst\u00e8mes tactiques\u00a0\u2013 Canada a fabriqu\u00e9 des centaines de millions de cartouches de petit calibre durant le si\u00e8cle depuis sa fondation. La cartouche de 12,7\u00a0mm (calibre\u00a0.50) est en production depuis la Premi\u00e8re Guerre mondiale.<\/p>\n<p>Aujourd\u2019hui, l\u2019entreprise produit six types de cartouches de 12,7 mm r\u00e9sum\u00e9s dans le tableau ci-dessous<\/p>\n<p>[\/et_pb_cta][\/et_pb_column][et_pb_column type=\u00a0\u00bb1_3&Prime; _builder_version=\u00a0\u00bb4.25.2&Prime; _module_preset=\u00a0\u00bbdefault\u00a0\u00bb global_colors_info=\u00a0\u00bb{}\u00a0\u00bb][\/et_pb_column][et_pb_column type=\u00a0\u00bb1_3&Prime; _builder_version=\u00a0\u00bb4.25.2&Prime; _module_preset=\u00a0\u00bbdefault\u00a0\u00bb global_colors_info=\u00a0\u00bb{}\u00a0\u00bb][\/et_pb_column][\/et_pb_row][\/et_pb_section]<\/p>\n","protected":false},"excerpt":{"rendered":"<p>Petit CalibreGeneral Dynamics Produits de d\u00e9fense et Syst\u00e8mes tactiques\u00a0\u2013 Canada (GD-OTS\u00a0\u2013 Canada) a fabriqu\u00e9 des centaines de millions de cartouches de petit calibre durant le si\u00e8cle depuis sa fondation. La cartouche de 9\u00a0mm a \u00e9t\u00e9 fabriqu\u00e9e pour plus de 70\u00a0pays et est devenue le calibre de pistolet standard de l\u2019OTAN et d\u2019autres forces militaires partout dans le monde.General Dynamics Produits de d\u00e9fense et Syst\u00e8mes tactiques\u00a0\u2013 Canada (GD-OTS\u00a0\u2013 Canada) a fabriqu\u00e9 des centaines de millions de cartouches de petit calibre durant le si\u00e8cle depuis sa fondation. Le calibre 5,56 est fabriqu\u00e9 depuis le d\u00e9but des ann\u00e9es\u00a01960.General Dynamics Produits de d\u00e9fense et Syst\u00e8mes tactiques\u00a0\u2013 Canada a fabriqu\u00e9 des centaines de millions de cartouches de petit calibre durant le si\u00e8cle depuis sa fondation. Le calibre 7,62 est fabriqu\u00e9 depuis le d\u00e9but des ann\u00e9es\u00a01950.General Dynamics Produits de d\u00e9fense et Syst\u00e8mes tactiques\u00a0\u2013 Canada a fabriqu\u00e9 des centaines de millions de cartouches de petit calibre durant le si\u00e8cle depuis sa fondation. La cartouche de 12,7\u00a0mm (calibre\u00a0.50) est en production depuis la Premi\u00e8re Guerre mondiale. Aujourd\u2019hui, l\u2019entreprise produit six types de cartouches de 12,7 mm r\u00e9sum\u00e9s dans le tableau ci-dessous<\/p>\n","protected":false},"author":30,"featured_media":0,"parent":0,"menu_order":0,"comment_status":"closed","ping_status":"closed","template":"","meta":{"_et_pb_use_builder":"on","_et_pb_old_content":"","_et_gb_content_width":"","footnotes":""},"dipi_cpt_category":[],"class_list":["post-7330","page","type-page","status-publish","hentry"],"_links":{"self":[{"href":"https:\/\/www.gdotscanada.com\/fr\/wp-json\/wp\/v2\/pages\/7330","targetHints":{"allow":["GET"]}}],"collection":[{"href":"https:\/\/www.gdotscanada.com\/fr\/wp-json\/wp\/v2\/pages"}],"about":[{"href":"https:\/\/www.gdotscanada.com\/fr\/wp-json\/wp\/v2\/types\/page"}],"author":[{"embeddable":true,"href":"https:\/\/www.gdotscanada.com\/fr\/wp-json\/wp\/v2\/users\/30"}],"replies":[{"embeddable":true,"href":"https:\/\/www.gdotscanada.com\/fr\/wp-json\/wp\/v2\/comments?post=7330"}],"version-history":[{"count":0,"href":"https:\/\/www.gdotscanada.com\/fr\/wp-json\/wp\/v2\/pages\/7330\/revisions"}],"wp:attachment":[{"href":"https:\/\/www.gdotscanada.com\/fr\/wp-json\/wp\/v2\/media?parent=7330"}],"wp:term":[{"taxonomy":"dipi_cpt_category","embeddable":true,"href":"https:\/\/www.gdotscanada.com\/fr\/wp-json\/wp\/v2\/dipi_cpt_category?post=7330"}],"curies":[{"name":"wp","href":"https:\/\/api.w.org\/{rel}","templated":true}]}}