{"id":6365,"date":"2023-12-08T10:21:50","date_gmt":"2023-12-08T15:21:50","guid":{"rendered":"https:\/\/aeda98f9949b0dd36904bc18d8f82a80\/?page_id=6365"},"modified":"2023-12-11T07:51:11","modified_gmt":"2023-12-11T12:51:11","slug":"politique-de-confidentialite","status":"publish","type":"page","link":"https:\/\/www.gdotscanada.com\/fr\/politique-de-confidentialite\/","title":{"rendered":"Politique de confidentialit\u00e9"},"content":{"rendered":"<p>[et_pb_section fb_built=\u00a0\u00bb1&Prime; _builder_version=\u00a0\u00bb4.23.1&Prime; _module_preset=\u00a0\u00bbdefault\u00a0\u00bb global_colors_info=\u00a0\u00bb{}\u00a0\u00bb][et_pb_row _builder_version=\u00a0\u00bb4.23.1&Prime; _module_preset=\u00a0\u00bbdefault\u00a0\u00bb global_colors_info=\u00a0\u00bb{}\u00a0\u00bb][et_pb_column type=\u00a0\u00bb4_4&Prime; _builder_version=\u00a0\u00bb4.23.1&Prime; _module_preset=\u00a0\u00bbdefault\u00a0\u00bb global_colors_info=\u00a0\u00bb{}\u00a0\u00bb][et_pb_text _builder_version=\u00a0\u00bb4.23.1&Prime; _module_preset=\u00a0\u00bbdefault\u00a0\u00bb hover_enabled=\u00a0\u00bb0&Prime; global_colors_info=\u00a0\u00bb{}\u00a0\u00bb sticky_enabled=\u00a0\u00bb0&Prime;]<\/p>\n<p><span>Politique de confidentialit\u00e9<\/span><\/p>\n<p><strong><span class=\"s2\">Ressources pour notre politique de confidentialit\u00e9 et de t\u00e9moins GD-OTS<\/span><\/strong><\/p>\n<p><strong><span class=\"s2\">AVIS DE CONFIDENTIALIT\u00c9<\/span><\/strong><\/p>\n<p><span>General Dynamics Produits de d\u00e9fense et Syst\u00e8mes tactiques\u00a0Canada accorde une grande importance \u00e0 la protection des donn\u00e9es confidentielles. Nous respectons vos pr\u00e9occupations en mati\u00e8re de confidentialit\u00e9 et nous nous engageons \u00e0 traiter vos informations personnelles de fa\u00e7on responsable<\/span><span>\u00a0dans le respect des lois applicables<\/span><span>. Le pr\u00e9sent avis de confidentialit\u00e9 est publi\u00e9 dans le cadre de notre engagement envers la confidentialit\u00e9 et d\u00e9crit les types d\u2019informations personnelles que nous recueillons sur nos sites Web, notamment\u00a0<\/span><a href=\"http:\/\/www.gd-ots.com\/\"><span class=\"s3\">www.gd-ots.com<\/span><\/a><span>,\u00a0<\/span><a href=\"http:\/\/www.simunition.com\/\"><span class=\"s3\">www.simunition.com<\/span><\/a><span>\u00a0et\u00a0<\/span><a href=\"https:\/\/www.gdotscanada.com\/\"><span class=\"s3\">www.gd-otscanada.com<\/span><\/a><span>.\u00a0 \u00a0L\u2019avis d\u00e9crit comment nous pouvons utiliser ces informations et avec qui nous pouvons les partager. Cet avis de confidentialit\u00e9 d\u00e9crit \u00e9galement les mesures que nous prenons pour prot\u00e9ger la s\u00e9curit\u00e9 des informations. Nous vous expliquons \u00e9galement comment vous pouvez communiquer avec nous pour nous faire part de vos commentaires, vous renseigner sur notre entreprise et ses services ou r\u00e9pondre aux questions que vous pourriez avoir sur nos pratiques en mati\u00e8re de confidentialit\u00e9.<\/span><\/p>\n<p><span>\u00a0<\/span><\/p>\n<p><strong><span class=\"s2\">LES INFORMATIONS PERSONNELLES QUE NOUS RECUEILLONS ET COMMENT NOUS LES UTILISONS<\/span><\/strong><\/p>\n<p><span>Des informations personnelles peuvent \u00eatre automatiquement collect\u00e9es par notre site web, notamment votre adresse IP, l\u2019adresse du site que vous avez visit\u00e9 juste avant le n\u00f4tre et le nombre de fois qu\u2019un article ou une page de notre site a \u00e9t\u00e9 partag\u00e9. Vous pouvez \u00e9galement fournir volontairement des informations, telles que votre nom, votre adresse, votre num\u00e9ro de t\u00e9l\u00e9phone et\/ou votre adresse \u00e9lectronique. GD-OTS conserve vos informations personnelles aussi longtemps que n\u00e9cessaire pour fournir l\u2019information ou le service que vous avez demand\u00e9 et peut les conserver pour une plus longue p\u00e9riode si la politique de GD ou la loi l\u2019exige.\u00a0 Vous trouverez ci-dessous les moyens par lesquels vous pouvez nous fournir volontairement des informations, le type d\u2019informations que nous recueillons et la fa\u00e7on dont nous pouvons utiliser les informations que vous fournissez.<\/span><\/p>\n<p><span>\u00a0<\/span><\/p>\n<p><span>Vos informations personnelles peuvent \u00eatre utilis\u00e9es aux fins suivantes\u00a0:<\/span><\/p>\n<div class=\"s5\"><span class=\"s4\">\u2022<span>\u00a0<\/span><\/span><span>La personnalisation du contenu<\/span><\/div>\n<div class=\"s5\"><span class=\"s4\">\u2022<span>\u00a0<\/span><\/span><span>L\u2019exp\u00e9rience de l\u2019utilisateur et le suivi des performances.<\/span><\/div>\n<div class=\"s5\"><span class=\"s4\">\u2022<span>\u00a0<\/span><\/span><span>Vous\u00a0<\/span><span>identifier<\/span><span>\u00a0lorsque vous utilisez les sites web de GD-OTS.<\/span><\/div>\n<div class=\"s5\"><span class=\"s4\">\u2022<span>\u00a0<\/span><\/span><span>La cr\u00e9ation et la gestion d\u2019un compte.<\/span><\/div>\n<div class=\"s5\"><span class=\"s4\">\u2022<span>\u00a0<\/span><\/span><span>L\u2019offre d\u2019opportunit\u00e9s de carri\u00e8re.<\/span><\/div>\n<div class=\"s5\"><span class=\"s4\">\u2022<span>\u00a0<\/span><\/span><span>Le respect d\u2019obligations l\u00e9gales ou r\u00e9glementaires.<\/span><\/div>\n<div class=\"s5\"><span class=\"s4\">\u2022<span>\u00a0<\/span><\/span><span>Les audits internes et externes.<\/span><\/div>\n<div class=\"s5\"><span class=\"s4\">\u2022<span>\u00a0<\/span><\/span><span>R\u00e9pondre \u00e0 vos demandes et commentaires.<\/span><\/div>\n<p><span>\u00a0<\/span><\/p>\n<p><strong><span class=\"s2\">SYST\u00c8ME DE GESTION DES FOURNISSEURS<\/span><\/strong><\/p>\n<p><span>Le syst\u00e8me de gestion des fournisseurs permet \u00e0 GD-OTS d\u2019identifier les entreprises et les autres personnes capables de fournir des produits et des services dans notre cha\u00eene d\u2019approvisionnement. En vous inscrivant en ligne sur notre portail d\u2019inscription des fournisseurs d\u2019entreprises, nous vous invitons \u00e0 remplir un formulaire d\u2019inscription et \u00e0 fournir des informations sur votre entreprise. Nous utilisons les informations relatives \u00e0 l\u2019inscription pour \u00e9valuer votre candidature et vous contacter.<\/span><\/p>\n<p><span>\u00a0<\/span><\/p>\n<p><strong><span class=\"s2\">PERSPECTIVES DE CARRI\u00c8RE<\/span><\/strong><\/p>\n<p><span>Vous pouvez soumettre votre CV et d\u2019autres informations en ligne pour pr\u00e9senter votre candidature aux emplois de GD-OTS.\u00a0 Nous recueillons votre curriculum vitae, notamment votre nom, votre adresse, votre adresse \u00e9lectronique, votre num\u00e9ro de t\u00e9l\u00e9phone, votre scolarit\u00e9 et vos ant\u00e9c\u00e9dents professionnels, ainsi que toute autre information que vous pouvez nous transmettre. Nous recourons \u00e0 des prestataires de services tiers pour nous aider \u00e0 mener les activit\u00e9s li\u00e9es au recrutement. Nous utilisons les informations que vous soumettez pour \u00e9valuer votre candidature et pour vous contacter relativement \u00e0 d\u2019\u00e9ventuelles carri\u00e8res chez GD-OTS.<\/span><\/p>\n<p><span>\u00a0<\/span><\/p>\n<p><strong><span class=\"s2\">T\u00c9MOINS ET FICHIERS JOURNAUX<\/span><\/strong><\/p>\n<p><span class=\"s2\">Informations sur les t\u00e9moins<\/span><\/p>\n<p><span>Comme de nombreuses entreprises, nous utilisons des t\u00e9moins et des fichiers journaux sur notre site web. Les t\u00e9moins sont de petits fichiers texte que les sites web enregistrent souvent sur le disque dur des ordinateurs des visiteurs de leurs sites. Un t\u00e9moin contient un code unique qui permet de reconna\u00eetre votre ordinateur lorsqu\u2019un de ses usagers retourne sur un site web qu\u2019il a visit\u00e9 pr\u00e9c\u00e9demment. Les fichiers journaux sont de petits fichiers texte que les sites web g\u00e9n\u00e8rent automatiquement lorsqu\u2019un utilisateur visite un site. Nous utilisons des t\u00e9moins et des fichiers journaux pour am\u00e9liorer l\u2019exp\u00e9rience en ligne de nos visiteurs et pour bien comprendre comment notre site est utilis\u00e9.<\/span><\/p>\n<p><span>Nous utilisons trois principaux types de t\u00e9moins sur notre site, en fonction de leur r\u00f4le et de l\u2019objectif\u00a0: les t\u00e9moins strictement n\u00e9cessaires, les t\u00e9moins de performance et les t\u00e9moins fonctionnels.<\/span><\/p>\n<p><span>\u00a0<\/span><\/p>\n<p><strong><span class=\"s2\">Les cat\u00e9gories de t\u00e9moins et les motifs de leur utilisation<\/span><\/strong><\/p>\n<p><span class=\"s6\">T\u00e9moins strictement n\u00e9cessaires\u00a0:<\/span><span>\u00a0Ces t\u00e9moins sont essentiels pour vous permettre de vous d\u00e9placer sur un site web et d\u2019utiliser ses fonctionnalit\u00e9s.<\/span><\/p>\n<p><span class=\"s2\">T\u00e9moins de performance\/analyse\u00a0:\u00a0<\/span><span>Ces t\u00e9moins collectent des informations sur la fa\u00e7on dont vous utilisez notre site web. Par exemple, ces t\u00e9moins identifient les pages que vous visitez et les erreurs que vous rencontrez. Les informations recueillies ne permettent pas de vous identifier personnellement. Elles sont anonymes et agr\u00e9g\u00e9es. Ces t\u00e9moins fournissent des informations que nous utilisons pour\u00a0<\/span><span>am\u00e9liorer notre site web et votre exp\u00e9rience, par exemple, les logiciels de navigation Internet et les syst\u00e8mes d\u2019exploitation utilis\u00e9s, le nom de domaine du site web pr\u00e9c\u00e9demment visit\u00e9, le nombre de visites, la dur\u00e9e moyenne d\u2019une visite et les pages visualis\u00e9es. Vous trouverez plus d\u2019informations ci-dessous sur notre utilisation de ce type de t\u00e9moin.<\/span><\/p>\n<p><span class=\"s2\">T\u00e9moins de fonctionnalit\u00e9\u00a0:<\/span><span>\u00a0Ces t\u00e9moins permettent au site web de se m\u00e9moriser les choix que vous faites (par exemple, votre pr\u00e9f\u00e9rence linguistique, ou votre zone ou r\u00e9gion) et autorisent l\u2019utilisation d\u2019outils de partage de contenu (par exemple, AddThis), qui vous aident \u00e0 partager facilement du contenu sur les r\u00e9seaux de m\u00e9dias sociaux et par courriel. Vous trouverez plus d\u2019informations ci-dessous sur notre utilisation de ce type de t\u00e9moin.<\/span><\/p>\n<p><span>\u00a0<\/span><\/p>\n<p><strong><span class=\"s2\">Les t\u00e9moins que nous utilisons<\/span><\/strong><\/p>\n<p><span>Notre site web utilise les t\u00e9moins \u00e9num\u00e9r\u00e9s ci-dessous. Ces t\u00e9moins nous permettent de suivre le nombre de visiteurs et de voir comment les visiteurs se d\u00e9placent sur le site web. Nous utilisons ces informations pour am\u00e9liorer notre site web, par exemple en facilitant la recherche de contenus tr\u00e8s visit\u00e9s. Sauf indication contraire, les donn\u00e9es recueillies ne permettent pas de vous identifier personnellement.<\/span><\/p>\n<p><span>Certains t\u00e9moins proviennent de services tiers qui contribuent \u00e0 am\u00e9liorer votre exp\u00e9rience sur notre site web, par exemple en vous permettant de facilement partager des informations sur les r\u00e9seaux de m\u00e9dias sociaux.<\/span><\/p>\n<p><span>\u00a0<\/span><\/p>\n<table>\n<tbody>\n<tr>\n<td class=\"s7\">\n<div>\n<p><span class=\"s2\">T\u00e9moin<\/span><\/p>\n<\/div>\n<\/td>\n<td class=\"s7\">\n<div>\n<p><span class=\"s2\">Description\u00a0<\/span><\/p>\n<\/div>\n<\/td>\n<\/tr>\n<tr>\n<td class=\"s7\">\n<div>\n<p><span>Google Analytics<\/span><\/p>\n<\/div>\n<\/td>\n<td class=\"s7\">\n<div>\n<p><span>Conserve un identifiant unique utilis\u00e9 pour g\u00e9n\u00e9rer des donn\u00e9es statistiques sur la fa\u00e7on dont vous utilisez notre site web.<\/span><\/p>\n<\/div>\n<\/td>\n<\/tr>\n<tr>\n<td class=\"s7\">\n<div>\n<p><span>Sitecore<\/span><span>Engagement Analytics<\/span><\/p>\n<\/div>\n<\/td>\n<td class=\"s7\">\n<div>\n<p><span>Permet de vous identifier lors de vos visites r\u00e9p\u00e9t\u00e9es sur notre site web. Si vous remplissez un formulaire sur notre site web, cet identifiant unique peut \u00eatre associ\u00e9 \u00e0 toute information personnelle que vous nous fournissez.<\/span><\/p>\n<\/div>\n<\/td>\n<\/tr>\n<tr>\n<td class=\"s7\">\n<div>\n<p><span>AddThis<\/span><\/p>\n<\/div>\n<\/td>\n<td class=\"s7\">\n<div>\n<p><span>Fournis des comptes de partage actualis\u00e9s aux m\u00e9dias sociaux lorsque vous utilisez les outils de partage sur notre site web.<\/span><\/p>\n<\/div>\n<\/td>\n<\/tr>\n<tr>\n<td class=\"s7\">\n<div>\n<p><span>United States #Lang<\/span><\/p>\n<\/div>\n<\/td>\n<td class=\"s7\">\n<div>\n<p><span>Identifie votre pays et vos pr\u00e9f\u00e9rences linguistiques lorsque vous visitez notre site web.<\/span><\/p>\n<\/div>\n<\/td>\n<\/tr>\n<\/tbody>\n<\/table>\n<p><span>\u00a0<\/span><\/p>\n<p><strong><span class=\"s2\">G\u00e9rer vos t\u00e9moins<\/span><\/strong><\/p>\n<p><span>Vous pouvez choisir \u00e0 tout moment de modifier la fa\u00e7on dont votre navigateur g\u00e8re les t\u00e9moins. La rubrique d\u2019aide de la barre d\u2019outils de la plupart des navigateurs vous expliquera comment ne plus accepter de nouveaux t\u00e9moins, comment \u00eatre averti lorsque vous recevez un nouveau t\u00e9moin et comment d\u00e9sactiver les t\u00e9moins existants. Cependant, gardez \u00e0 l\u2019esprit que sans les t\u00e9moins, vous\u00a0<\/span><span>risquez de ne pas pouvoir profiter pleinement de toutes les fonctionnalit\u00e9s du site Web, comme la soumission d\u2019un curriculum vitae en ligne pour profiter des perspectives de carri\u00e8re au sein de GD-OTS.<\/span><\/p>\n<p><span>Pour plus d\u2019informations sur les t\u00e9moins de Google Analytics, veuillez consulter les pages d\u2019aide et les r\u00e8gles de confidentialit\u00e9 de Google\u00a0:<\/span><\/p>\n<p><span>\u00a0<\/span><\/p>\n<div><span class=\"s4\">\u2022<span>\u00a0<\/span><\/span><a href=\"https:\/\/policies.google.com\/privacy?hl=en\"><span class=\"s3\">Politique de confidentialit\u00e9 de Google<\/span><\/a><\/div>\n<div><span class=\"s4\">\u2022<span>\u00a0<\/span><\/span><a href=\"https:\/\/support.google.com\/analytics\/answer\/181881?hl=en&amp;ref_topic=2919631\"><span class=\"s3\">Option de retrait de Google Analytics<\/span><\/a><\/div>\n<p><span>\u00a0<\/span><\/p>\n<p><span>Ces ressources externes fournissent des informations d\u00e9taill\u00e9es sur les types de t\u00e9moins ainsi que la fa\u00e7on dont ils sont utilis\u00e9s et dont vous pouvez g\u00e9rer vos pr\u00e9f\u00e9rences en mati\u00e8re de t\u00e9moins.\u00a0<\/span><a href=\"https:\/\/www.allaboutcookies.org\/\"><span class=\"s3\">www.allaboutcookies.org<\/span><\/a><\/p>\n<p><span>Pour modifier la fa\u00e7on dont les t\u00e9moins sont trait\u00e9s sur votre appareil, consultez les param\u00e8tres pertinents de votre navigateur. Utilisez les liens ci-dessous pour savoir comment d\u00e9sactiver et supprimer les t\u00e9moins dans ces navigateurs courants.<\/span><\/p>\n<div><span class=\"s4\">\u2022<span>\u00a0<\/span><\/span><a href=\"https:\/\/support.mozilla.org\/en-US\/kb\/clear-cookies-and-site-data-firefox?redirectlocale=en-US&amp;redirectslug=delete-cookies-remove-info-websites-stored\"><span class=\"s3\">Mozilla Firefox<\/span><\/a><\/div>\n<div><span class=\"s4\">\u2022<span>\u00a0<\/span><\/span><a href=\"https:\/\/support.microsoft.com\/en-us\/help\/17442\/windows-internet-explorer-delete-manage-cookies\"><span class=\"s3\">Internet Explorer<\/span><\/a><\/div>\n<div><span class=\"s4\">\u2022<span>\u00a0<\/span><\/span><a href=\"https:\/\/support.microsoft.com\/en-us\/microsoft-edge\/delete-cookies-in-microsoft-edge-63947406-40ac-c3b8-57b9-2a946a29ae09\"><span class=\"s3\">Microsoft Edge<\/span><\/a><\/div>\n<div><span class=\"s4\">\u2022<span>\u00a0<\/span><\/span><a href=\"https:\/\/support.google.com\/accounts\/answer\/61416?hl=en\"><span class=\"s3\">Google Chrome<\/span><\/a><\/div>\n<div><span class=\"s4\">\u2022<span>\u00a0<\/span><\/span><a href=\"https:\/\/support.apple.com\/en-us\/HT201265\"><span class=\"s3\">Safari<\/span><\/a><\/div>\n<p><span>\u00a0<\/span><\/p>\n<p><strong><span class=\"s2\">LES INFORMATIONS QUE NOUS PARTAGEONS<\/span><\/strong><\/p>\n<p><span>Nous ne vendons pas, ne louons pas et n\u2019\u00e9changeons pas \u00e0 des fins lucratives les informations personnelles recueillies sur vous ou provenant de vous en tant qu\u2019utilisateur de notre site web. Comme d\u00e9crit dans le pr\u00e9sent document, nous pouvons, dans certains cas, partager les informations que vous fournissez avec des soci\u00e9t\u00e9s affili\u00e9es \u00e0 GD-OTS. Nous pouvons \u00e9galement divulguer les informations fournies par les visiteurs de notre site Web \u00e0 des prestataires de services (i) si la loi nous y oblige ou (ii) si nous estimons que la divulgation est n\u00e9cessaire ou appropri\u00e9e afin de pr\u00e9venir tout dommage physique ou toute perte financi\u00e8re, ou dans le cadre d\u2019une enqu\u00eate sur une activit\u00e9 ill\u00e9gale pr\u00e9sum\u00e9e ou r\u00e9elle.<\/span><\/p>\n<p><span>Nous nous r\u00e9servons le droit de transf\u00e9rer toute information vous concernant dont nous disposons dans le cas o\u00f9 nous vendrions ou transf\u00e9rerions tout ou partie de notre activit\u00e9 ou de nos actifs. Si une telle vente ou un tel transfert devait avoir lieu, nous mettrons en \u0153uvre des efforts raisonnables pour essayer de garantir que le b\u00e9n\u00e9ficiaire du transfert utilise les informations personnelles que vous avez fournies par le biais de ce site Web d\u2019une fa\u00e7on qui respecte le pr\u00e9sent avis de confidentialit\u00e9.<\/span><\/p>\n<p><span>\u00a0<\/span><\/p>\n<p><strong><span class=\"s2\">LIENS VERS D\u2019AUTRES SITES WEB<\/span><\/strong><\/p>\n<p><span class=\"s2\">\u00a0<\/span><span>Pour votre commodit\u00e9 et votre information, nous pouvons fournir des liens vers d\u2019autres sites web. Ces sites peuvent fonctionner ind\u00e9pendamment des sites web de\u00a0<\/span><a href=\"http:\/\/www.gd-ots.com\/\"><span class=\"s3\">notre<\/span><\/a><span>\u00a0soci\u00e9t\u00e9 et peuvent ne pas \u00eatre sous notre contr\u00f4le. Ces sites peuvent comporter leurs propres avis de confidentialit\u00e9, que nous vous conseillons vivement de consulter si vous visitez des sites web li\u00e9s. Les entit\u00e9s exploitant ces sites sont responsables du contenu de leurs sites, de tout produit ou service qu\u2019elles peuvent offrir par l\u2019interm\u00e9diaire de leurs sites ou de toute autre utilisation de leurs sites.<\/span><\/p>\n<p><span>\u00a0<\/span><\/p>\n<p><strong><span class=\"s2\">S\u00c9CURIT\u00c9<\/span><\/strong><\/p>\n<p><span>Nous maintenons des mesures de protection administratives, techniques et physiques pour pr\u00e9venir la divulgation, l\u2019utilisation, l\u2019alt\u00e9ration ou la destruction non autoris\u00e9e des informations personnelles en notre possession. Nous pr\u00e9voyons des contr\u00f4les de s\u00e9curit\u00e9 pour prot\u00e9ger les informations que vous soumettez en ligne contre les risques pr\u00e9visibles.<\/span><\/p>\n<p><span>\u00a0<\/span><\/p>\n<p><strong><span class=\"s2\">Demandes de confidentialit\u00e9 des donn\u00e9es<\/span><\/strong><\/p>\n<p><span>Si vous avez des questions sur notre politique ou nos pratiques de confidentialit\u00e9, ou si vous souhaitez soumettre une demande de confidentialit\u00e9 des donn\u00e9es, contactez-nous en utilisant le formulaire ci-dessous.\u00a0 Nous traitons les demandes et permettons aux personnes d\u2019exercer leurs droits en mati\u00e8re de confidentialit\u00e9 des donn\u00e9es conform\u00e9ment aux lois applicables, notamment <\/span><span>pour le Qu\u00e9bec<\/span><span>\u00a0<\/span><span>la Loi\u00a0<\/span><span>modernisant des dispositions l\u00e9gislatives en mati\u00e8re de protection des renseignements personnels,<\/span><span>\u00a0<\/span><span>la Loi californienne sur la protection de la vie priv\u00e9e des consommateurs. Ces droits comprennent, sans s\u2019y limiter, le droit d\u2019acc\u00e8s, de rectification, de suppression et d\u2019exclusion du traitement des donn\u00e9es.\u00a0 Ces droits d\u00e9pendent d\u2019autres consid\u00e9rations, telles que la port\u00e9e des lois applicables en mati\u00e8re de confidentialit\u00e9 des donn\u00e9es et les obligations l\u00e9gales de GD-OTS. Le respect de ces droits \u00e0 la confidentialit\u00e9 des donn\u00e9es est donc la garantie d\u2019un processus et non d\u2019un r\u00e9sultat.\u00a0Lorsque nous r\u00e9pondons \u00e0 une demande de confidentialit\u00e9 des donn\u00e9es, nous allons\u00a0:<\/span><\/p>\n<div class=\"s5\"><span class=\"s4\">\u2022<span>\u00a0<\/span><\/span><span class=\"s6\">V\u00e9rifier\u00a0:<\/span><span>\u00a0Nous v\u00e9rifierons l\u2019identit\u00e9 du demandeur avant de lui fournir une r\u00e9ponse<\/span><\/div>\n<div class=\"s5\"><span class=\"s4\">\u2022<span>\u00a0<\/span><\/span><span class=\"s6\">R\u00e9pondre\u00a0:<\/span><span>\u00a0Apr\u00e8s v\u00e9rification, nous fournirons une r\u00e9ponse au demandeur sans retard excessif et dans les d\u00e9lais pr\u00e9vus par la r\u00e9glementation<\/span><\/div>\n<div class=\"s5\"><span class=\"s4\">\u2022<span>\u00a0<\/span><\/span><span class=\"s6\">Fournir une raison\u00a0:<\/span><span>\u00a0Si nous ne pouvons pas ou ne souhaitons pas r\u00e9pondre \u00e0 une demande, le demandeur recevra une r\u00e9ponse indiquant la ou les raisons ainsi que toutes les mesures suppl\u00e9mentaires disponibles, y compris le droit de faire appel, le cas \u00e9ch\u00e9ant<\/span><\/div>\n<p><span>\u00a0<\/span><\/p>\n<p><strong><span class=\"s2\">QUESTIONS OU COMMENTAIRES SUR LA CONFIDENTIALIT\u00c9<\/span><\/strong><\/p>\n<p><span>Si vous avez des questions sur cette politique ou sur nos pratiques en mati\u00e8re de confidentialit\u00e9, ou si vous souhaitez soumettre une demande de confidentialit\u00e9 des donn\u00e9es, veuillez nous contacter \u00e0 l\u2019adresse suivante\u00a0:<\/span><\/p>\n<p><span>Adresse postale\u00a0:<\/span><span><br \/><\/span><span class=\"s2\">General Dynamics Produits de d\u00e9fense et Syst\u00e8mes tactiques<\/span><span class=\"s2\"><span>\u00a0<\/span>Canada<\/span><span><br \/><\/span><span>\u00c0 l\u2019attention de\u00a0: Service juridique<\/span><span><br \/><\/span><span>5, Mont\u00e9e des Arsenaux<\/span><span><br \/><\/span><span>Repentigny, QC<\/span><\/p>\n<p><strong><span class=\"s2\">MISES \u00c0 JOUR DE CET AVIS DE CONFIDENTIALIT\u00c9<\/span><\/strong><\/p>\n<p><span>Nous pouvons modifier ou mettre \u00e0 jour certaines sections de cet avis de confidentialit\u00e9 \u00e0 tout moment et sans pr\u00e9avis.<\/span><\/p>\n<p><span class=\"s8\">La derni\u00e8re mise \u00e0 jour de cette politique a \u00e9t\u00e9 r\u00e9alis\u00e9e\u00a0: D\u00e9cembre\u00a02022.<\/span><\/p>\n<p>[\/et_pb_text][\/et_pb_column][\/et_pb_row][\/et_pb_section]<\/p>\n","protected":false},"excerpt":{"rendered":"<p>Politique de confidentialit\u00e9 Ressources pour notre politique de confidentialit\u00e9 et de t\u00e9moins GD-OTS AVIS DE CONFIDENTIALIT\u00c9 General Dynamics Produits de d\u00e9fense et Syst\u00e8mes tactiques\u00a0Canada accorde une grande importance \u00e0 la protection des donn\u00e9es confidentielles. Nous respectons vos pr\u00e9occupations en mati\u00e8re de confidentialit\u00e9 et nous nous engageons \u00e0 traiter vos informations personnelles de fa\u00e7on responsable\u00a0dans le respect des lois applicables. Le pr\u00e9sent avis de confidentialit\u00e9 est publi\u00e9 dans le cadre de notre engagement envers la confidentialit\u00e9 et d\u00e9crit les types d\u2019informations personnelles que nous recueillons sur nos sites Web, notamment\u00a0www.gd-ots.com,\u00a0www.simunition.com\u00a0et\u00a0www.gd-otscanada.com.\u00a0 \u00a0L\u2019avis d\u00e9crit comment nous pouvons utiliser ces informations et avec qui nous pouvons les partager. Cet avis de confidentialit\u00e9 d\u00e9crit \u00e9galement les mesures que nous prenons pour prot\u00e9ger la s\u00e9curit\u00e9 des informations. Nous vous expliquons \u00e9galement comment vous pouvez communiquer avec nous pour nous faire part de vos commentaires, vous renseigner sur notre entreprise et ses services ou r\u00e9pondre aux questions que vous pourriez avoir sur nos pratiques en mati\u00e8re de confidentialit\u00e9. \u00a0 LES INFORMATIONS PERSONNELLES QUE NOUS RECUEILLONS ET COMMENT NOUS LES UTILISONS Des informations personnelles peuvent \u00eatre automatiquement collect\u00e9es par notre site web, notamment votre adresse IP, l\u2019adresse du site que vous avez visit\u00e9 juste avant le n\u00f4tre et [&hellip;]<\/p>\n","protected":false},"author":30,"featured_media":0,"parent":0,"menu_order":0,"comment_status":"closed","ping_status":"closed","template":"","meta":{"_et_pb_use_builder":"on","_et_pb_old_content":"","_et_gb_content_width":"","footnotes":""},"dipi_cpt_category":[],"class_list":["post-6365","page","type-page","status-publish","hentry"],"_links":{"self":[{"href":"https:\/\/www.gdotscanada.com\/fr\/wp-json\/wp\/v2\/pages\/6365","targetHints":{"allow":["GET"]}}],"collection":[{"href":"https:\/\/www.gdotscanada.com\/fr\/wp-json\/wp\/v2\/pages"}],"about":[{"href":"https:\/\/www.gdotscanada.com\/fr\/wp-json\/wp\/v2\/types\/page"}],"author":[{"embeddable":true,"href":"https:\/\/www.gdotscanada.com\/fr\/wp-json\/wp\/v2\/users\/30"}],"replies":[{"embeddable":true,"href":"https:\/\/www.gdotscanada.com\/fr\/wp-json\/wp\/v2\/comments?post=6365"}],"version-history":[{"count":0,"href":"https:\/\/www.gdotscanada.com\/fr\/wp-json\/wp\/v2\/pages\/6365\/revisions"}],"wp:attachment":[{"href":"https:\/\/www.gdotscanada.com\/fr\/wp-json\/wp\/v2\/media?parent=6365"}],"wp:term":[{"taxonomy":"dipi_cpt_category","embeddable":true,"href":"https:\/\/www.gdotscanada.com\/fr\/wp-json\/wp\/v2\/dipi_cpt_category?post=6365"}],"curies":[{"name":"wp","href":"https:\/\/api.w.org\/{rel}","templated":true}]}}