{"id":6316,"date":"2023-07-21T18:30:55","date_gmt":"2023-07-21T22:30:55","guid":{"rendered":"https:\/\/aeda98f9949b0dd36904bc18d8f82a80\/?page_id=6316"},"modified":"2024-10-30T14:13:28","modified_gmt":"2024-10-30T18:13:28","slug":"supplier-packaging-manual-fr","status":"publish","type":"page","link":"https:\/\/www.gdotscanada.com\/fr\/supplier-packaging-manual-fr\/","title":{"rendered":"Manuel d\u2019emballage du fournisseur"},"content":{"rendered":"<p>[et_pb_section fb_built=\u00a0\u00bb1&Prime; fullwidth=\u00a0\u00bbon\u00a0\u00bb _builder_version=\u00a0\u00bb4.18.0&Prime; _module_preset=\u00a0\u00bbdefault\u00a0\u00bb use_background_color_gradient=\u00a0\u00bbon\u00a0\u00bb background_color_gradient_direction=\u00a0\u00bb130deg\u00a0\u00bb background_color_gradient_stops=\u00a0\u00bb#033f6d 0%|#061d3d 100%\u00a0\u00bb background_color_gradient_overlays_image=\u00a0\u00bbon\u00a0\u00bb locked=\u00a0\u00bboff\u00a0\u00bb global_colors_info=\u00a0\u00bb{}\u00a0\u00bb][et_pb_fullwidth_header title=\u00a0\u00bbmanuel d\u2019emballage du fournisseur\u00a0\u00bb _builder_version=\u00a0\u00bb4.21.0&Prime; _module_preset=\u00a0\u00bbdefault\u00a0\u00bb title_font=\u00a0\u00bb|||on|||||\u00a0\u00bb background_enable_color=\u00a0\u00bboff\u00a0\u00bb custom_padding=\u00a0\u00bb60px||60px|||\u00a0\u00bb global_colors_info=\u00a0\u00bb{}\u00a0\u00bb][\/et_pb_fullwidth_header][\/et_pb_section][et_pb_section fb_built=\u00a0\u00bb1&Prime; _builder_version=\u00a0\u00bb4.18.0&Prime; _module_preset=\u00a0\u00bbdefault\u00a0\u00bb locked=\u00a0\u00bboff\u00a0\u00bb global_colors_info=\u00a0\u00bb{}\u00a0\u00bb][et_pb_row _builder_version=\u00a0\u00bb4.18.0&Prime; _module_preset=\u00a0\u00bbdefault\u00a0\u00bb width=\u00a0\u00bb65%\u00a0\u00bb module_alignment=\u00a0\u00bbcenter\u00a0\u00bb custom_padding=\u00a0\u00bb||298px|||\u00a0\u00bb global_colors_info=\u00a0\u00bb{}\u00a0\u00bb][et_pb_column type=\u00a0\u00bb4_4&Prime; _builder_version=\u00a0\u00bb4.18.0&Prime; _module_preset=\u00a0\u00bbdefault\u00a0\u00bb global_colors_info=\u00a0\u00bb{}\u00a0\u00bb][et_pb_text _builder_version=\u00a0\u00bb4.21.0&Prime; _module_preset=\u00a0\u00bbdefault\u00a0\u00bb global_colors_info=\u00a0\u00bb{}\u00a0\u00bb]<\/p>\n<h1 style=\"font-weight: 400;\"><span>Manuel d\u2019emballage du fournisseur<\/span><\/h1>\n<p style=\"font-weight: 400;\"><span><br \/>La qualit\u00e9 de nos produits est directement li\u00e9e \u00e0 la qualit\u00e9 des produits provenant de nos fournisseurs. Bien r\u00e9pondre aux exigences de nos clients dans un march\u00e9 mondial dynamique exige l&rsquo;excellence de tous les maillons de la cha\u00eene d&rsquo;approvisionnement. Chaque fournisseur joue un r\u00f4le primordial dans la qualit\u00e9 des produits que nous fabriquons.<\/span><\/p>\n<p style=\"font-weight: 400;\"><span>Ce manuel d&#8217;emballage doit \u00eatre obligatoirement respect\u00e9 pour tous les fournisseurs et s&rsquo;applique \u00e0 toutes les livraisons directes de mat\u00e9riel. Ce guide repr\u00e9sente nos attentes minimales concernant l&#8217;emballage, l&rsquo;\u00e9tiquetage et la documentation qui font partie int\u00e9grante du produit livr\u00e9.<\/span><\/p>\n<p>[\/et_pb_text][et_pb_button button_url=\u00a0\u00bbhttps:\/\/www.gdotscanada.com\/wp-content\/uploads\/INGL16-G07_FR.pdf\u00a0\u00bb button_text=\u00a0\u00bbClics\u00a0\u00bb _builder_version=\u00a0\u00bb4.27.0&Prime; _module_preset=\u00a0\u00bbdefault\u00a0\u00bb hover_enabled=\u00a0\u00bb0&Prime; global_colors_info=\u00a0\u00bb{}\u00a0\u00bb sticky_enabled=\u00a0\u00bb0&Prime;][\/et_pb_button][\/et_pb_column][\/et_pb_row][\/et_pb_section][et_pb_section fb_built=\u00a0\u00bb1&Prime; disabled_on=\u00a0\u00bboff|off|off\u00a0\u00bb admin_label=\u00a0\u00bbDo Not Erase\u00a0\u00bb module_id=\u00a0\u00bbmyDIV\u00a0\u00bb module_class=\u00a0\u00bbmyDIV\u00a0\u00bb _builder_version=\u00a0\u00bb4.18.0&Prime; _module_preset=\u00a0\u00bbdefault\u00a0\u00bb positioning=\u00a0\u00bbfixed\u00a0\u00bb position_origin_f=\u00a0\u00bbbottom_center\u00a0\u00bb vertical_offset=\u00a0\u00bb-2px\u00a0\u00bb z_index=\u00a0\u00bb500&Prime; vertical_offset_tablet=\u00a0\u00bb102px\u00a0\u00bb vertical_offset_phone=\u00a0\u00bb102px\u00a0\u00bb vertical_offset_last_edited=\u00a0\u00bbon|phone\u00a0\u00bb position_origin_a_tablet=\u00a0\u00bb\u00a0\u00bb position_origin_a_phone=\u00a0\u00bb\u00a0\u00bb position_origin_a_last_edited=\u00a0\u00bbon|desktop\u00a0\u00bb position_origin_f_tablet=\u00a0\u00bb\u00a0\u00bb position_origin_f_phone=\u00a0\u00bb\u00a0\u00bb position_origin_f_last_edited=\u00a0\u00bbon|desktop\u00a0\u00bb position_origin_r_tablet=\u00a0\u00bb\u00a0\u00bb position_origin_r_phone=\u00a0\u00bb\u00a0\u00bb position_origin_r_last_edited=\u00a0\u00bbon|desktop\u00a0\u00bb animation_style=\u00a0\u00bbslide\u00a0\u00bb animation_direction=\u00a0\u00bbbottom\u00a0\u00bb animation_delay=\u00a0\u00bb2000ms\u00a0\u00bb animation_starting_opacity=\u00a0\u00bb100%\u00a0\u00bb positioning_tablet=\u00a0\u00bb\u00a0\u00bb positioning_phone=\u00a0\u00bb\u00a0\u00bb positioning_last_edited=\u00a0\u00bbon|tablet\u00a0\u00bb saved_tabs=\u00a0\u00bball\u00a0\u00bb global_colors_info=\u00a0\u00bb{}\u00a0\u00bb][et_pb_row column_structure=\u00a0\u00bb3_4,1_4&Prime; admin_label=\u00a0\u00bbCookie Banner\u00a0\u00bb _builder_version=\u00a0\u00bb4.16&Prime; _module_preset=\u00a0\u00bbdefault\u00a0\u00bb global_colors_info=\u00a0\u00bb{}\u00a0\u00bb][et_pb_column type=\u00a0\u00bb3_4&Prime; _builder_version=\u00a0\u00bb4.16&Prime; _module_preset=\u00a0\u00bbdefault\u00a0\u00bb global_colors_info=\u00a0\u00bb{}\u00a0\u00bb][et_pb_text admin_label=\u00a0\u00bbCookie Banner Text\u00a0\u00bb _builder_version=\u00a0\u00bb4.16&Prime; _module_preset=\u00a0\u00bbdefault\u00a0\u00bb global_colors_info=\u00a0\u00bb{}\u00a0\u00bb]<\/p>\n<p><em>We use cookies to enhance your website experience. By continuing to visit this site, you agree to our use of cookies. <a href=\"https:\/\/www.gdotscanada.com\/privacy-policy\/\" target=\"_blank\" rel=\"noopener\"><span style=\"text-decoration: underline;\">Learn More.<\/span><\/a><\/em><\/p>\n<p>[\/et_pb_text][\/et_pb_column][et_pb_column type=\u00a0\u00bb1_4&Prime; _builder_version=\u00a0\u00bb4.16&Prime; _module_preset=\u00a0\u00bbdefault\u00a0\u00bb global_colors_info=\u00a0\u00bb{}\u00a0\u00bb][et_pb_code admin_label=\u00a0\u00bbCookie Button Code\u00a0\u00bb module_id=\u00a0\u00bbcookieButton\u00a0\u00bb module_class=\u00a0\u00bbcookieButton\u00a0\u00bb _builder_version=\u00a0\u00bb4.16&Prime; _module_preset=\u00a0\u00bbdefault\u00a0\u00bb global_colors_info=\u00a0\u00bb{}\u00a0\u00bb]<button style= \"background: #00529b;padding:10px 35px; color: white;\" onclick=\"myFunction()\">Accept<\/button><!-- [et_pb_line_break_holder] --><!-- [et_pb_line_break_holder] --><script><!-- [et_pb_line_break_holder] -->function myFunction() {<!-- [et_pb_line_break_holder] -->  var x = document.getElementById(\"myDIV\");<!-- [et_pb_line_break_holder] -->  if (x.style.display === \"none\") {<!-- [et_pb_line_break_holder] -->    x.style.display = \"block\";<!-- [et_pb_line_break_holder] -->  } else {<!-- [et_pb_line_break_holder] -->    x.style.display = \"none\";<!-- [et_pb_line_break_holder] -->  }<!-- [et_pb_line_break_holder] -->}<!-- [et_pb_line_break_holder] -->const storedInput = localStorage.getItem('cookieBannerDisplayed')  <!-- [et_pb_line_break_holder] -->  <!-- [et_pb_line_break_holder] -->if(storedInput) {<!-- [et_pb_line_break_holder] -->  document.getElementById('myDIV').style.display = \"none\";<!-- [et_pb_line_break_holder] -->}<!-- [et_pb_line_break_holder] -->  <!-- [et_pb_line_break_holder] -->  <!-- [et_pb_line_break_holder] -->const button = document.querySelector('.cookieButton');<!-- [et_pb_line_break_holder] -->  <!-- [et_pb_line_break_holder] -->const saveToLocalStorage = ( ) => {<!-- [et_pb_line_break_holder] -->   localStorage.setItem('cookieBannerDisplayed', 'Accepted')<!-- [et_pb_line_break_holder] -->}<!-- [et_pb_line_break_holder] -->button.addEventListener('click', saveToLocalStorage)<!-- [et_pb_line_break_holder] --><!-- [et_pb_line_break_holder] --><\/script><!-- [et_pb_line_break_holder] -->[\/et_pb_code][\/et_pb_column][\/et_pb_row][\/et_pb_section]<\/p>\n","protected":false},"excerpt":{"rendered":"<p>Manuel d\u2019emballage du fournisseur La qualit\u00e9 de nos produits est directement li\u00e9e \u00e0 la qualit\u00e9 des produits provenant de nos fournisseurs. Bien r\u00e9pondre aux exigences de nos clients dans un march\u00e9 mondial dynamique exige l&rsquo;excellence de tous les maillons de la cha\u00eene d&rsquo;approvisionnement. Chaque fournisseur joue un r\u00f4le primordial dans la qualit\u00e9 des produits que nous fabriquons. Ce manuel d&#8217;emballage doit \u00eatre obligatoirement respect\u00e9 pour tous les fournisseurs et s&rsquo;applique \u00e0 toutes les livraisons directes de mat\u00e9riel. Ce guide repr\u00e9sente nos attentes minimales concernant l&#8217;emballage, l&rsquo;\u00e9tiquetage et la documentation qui font partie int\u00e9grante du produit livr\u00e9.We use cookies to enhance your website experience. By continuing to visit this site, you agree to our use of cookies. Learn More.<\/p>\n","protected":false},"author":30,"featured_media":0,"parent":0,"menu_order":0,"comment_status":"closed","ping_status":"closed","template":"","meta":{"_et_pb_use_builder":"on","_et_pb_old_content":"","_et_gb_content_width":"","footnotes":""},"dipi_cpt_category":[],"class_list":["post-6316","page","type-page","status-publish","hentry"],"_links":{"self":[{"href":"https:\/\/www.gdotscanada.com\/fr\/wp-json\/wp\/v2\/pages\/6316","targetHints":{"allow":["GET"]}}],"collection":[{"href":"https:\/\/www.gdotscanada.com\/fr\/wp-json\/wp\/v2\/pages"}],"about":[{"href":"https:\/\/www.gdotscanada.com\/fr\/wp-json\/wp\/v2\/types\/page"}],"author":[{"embeddable":true,"href":"https:\/\/www.gdotscanada.com\/fr\/wp-json\/wp\/v2\/users\/30"}],"replies":[{"embeddable":true,"href":"https:\/\/www.gdotscanada.com\/fr\/wp-json\/wp\/v2\/comments?post=6316"}],"version-history":[{"count":0,"href":"https:\/\/www.gdotscanada.com\/fr\/wp-json\/wp\/v2\/pages\/6316\/revisions"}],"wp:attachment":[{"href":"https:\/\/www.gdotscanada.com\/fr\/wp-json\/wp\/v2\/media?parent=6316"}],"wp:term":[{"taxonomy":"dipi_cpt_category","embeddable":true,"href":"https:\/\/www.gdotscanada.com\/fr\/wp-json\/wp\/v2\/dipi_cpt_category?post=6316"}],"curies":[{"name":"wp","href":"https:\/\/api.w.org\/{rel}","templated":true}]}}