{"id":6296,"date":"2023-07-20T18:52:22","date_gmt":"2023-07-20T22:52:22","guid":{"rendered":"https:\/\/aeda98f9949b0dd36904bc18d8f82a80\/?page_id=6296"},"modified":"2023-07-20T18:52:29","modified_gmt":"2023-07-20T22:52:29","slug":"sustainable-procurement-2-2","status":"publish","type":"page","link":"https:\/\/www.gdotscanada.com\/fr\/sustainable-procurement-2-2\/","title":{"rendered":"Politique &#8211; Approvisionnement Responsable"},"content":{"rendered":"<p>[et_pb_section fb_built=\u00a0\u00bb1&Prime; _builder_version=\u00a0\u00bb4.16&Prime; _module_preset=\u00a0\u00bbdefault\u00a0\u00bb global_colors_info=\u00a0\u00bb{}\u00a0\u00bb][et_pb_row _builder_version=\u00a0\u00bb4.16&Prime; _module_preset=\u00a0\u00bbdefault\u00a0\u00bb custom_padding=\u00a0\u00bb100px||4px|||\u00a0\u00bb global_colors_info=\u00a0\u00bb{}\u00a0\u00bb][et_pb_column type=\u00a0\u00bb4_4&Prime; _builder_version=\u00a0\u00bb4.16&Prime; _module_preset=\u00a0\u00bbdefault\u00a0\u00bb global_colors_info=\u00a0\u00bb{}\u00a0\u00bb][et_pb_text _builder_version=\u00a0\u00bb4.21.0&Prime; _module_preset=\u00a0\u00bbdefault\u00a0\u00bb hover_enabled=\u00a0\u00bb0&Prime; global_colors_info=\u00a0\u00bb{}\u00a0\u00bb sticky_enabled=\u00a0\u00bb0&Prime;]<\/p>\n<h1><span>Politique d\u2019Approvisionnement Responsable<\/span><\/h1>\n<p>[\/et_pb_text][\/et_pb_column][\/et_pb_row][\/et_pb_section][et_pb_section fb_built=\u00a0\u00bb1&Prime; _builder_version=\u00a0\u00bb4.16&Prime; _module_preset=\u00a0\u00bbdefault\u00a0\u00bb global_colors_info=\u00a0\u00bb{}\u00a0\u00bb][et_pb_row _builder_version=\u00a0\u00bb4.16&Prime; _module_preset=\u00a0\u00bbdefault\u00a0\u00bb global_colors_info=\u00a0\u00bb{}\u00a0\u00bb][et_pb_column type=\u00a0\u00bb4_4&Prime; _builder_version=\u00a0\u00bb4.16&Prime; _module_preset=\u00a0\u00bbdefault\u00a0\u00bb global_colors_info=\u00a0\u00bb{}\u00a0\u00bb][et_pb_text _builder_version=\u00a0\u00bb4.21.0&Prime; _module_preset=\u00a0\u00bbdefault\u00a0\u00bb text_font_size=\u00a0\u00bb17px\u00a0\u00bb text_line_height=\u00a0\u00bb2em\u00a0\u00bb hover_enabled=\u00a0\u00bb0&Prime; global_colors_info=\u00a0\u00bb{}\u00a0\u00bb sticky_enabled=\u00a0\u00bb0&Prime;]<span>La politique d&rsquo;approvisionnement durable de General Dynamics OTS Canada \u00e9tablie les exigences minimales en mati\u00e8re de viabilit\u00e9 environnementale pour les produits et services achet\u00e9s par GD OTS Canada et identifient les attributs du produit et du fournisseur qui sont fortement pr\u00e9f\u00e9r\u00e9s, voire obligatoires. Cette politique d\u00e9crit ce que l&rsquo;entreprise consid\u00e8re comme durable au niveau du produit, de la cat\u00e9gorie de produits, du service, du fournisseur ou de l&rsquo;industrie. Cette politique d&rsquo;approvisionnement durable donne la priorit\u00e9 \u00e0 la r\u00e9duction des d\u00e9chets dans l&rsquo;ordre suivant : r\u00e9duire, r\u00e9utiliser, puis recycler (3R). Lorsque cela est possible, une quatri\u00e8me option que notre politique d&rsquo;approvisionnement durable aborde consiste \u00e0 valoriser une utilisation alternative de l&rsquo;\u00e9l\u00e9ment identifi\u00e9 comme d\u00e9chet, souvent alors appel\u00e9 3RV.<\/span>[\/et_pb_text][\/et_pb_column][\/et_pb_row][et_pb_row _builder_version=\u00a0\u00bb4.21.0&Prime; _module_preset=\u00a0\u00bbdefault\u00a0\u00bb custom_padding=\u00a0\u00bb||100px|||\u00a0\u00bb global_colors_info=\u00a0\u00bb{}\u00a0\u00bb][et_pb_column type=\u00a0\u00bb4_4&Prime; _builder_version=\u00a0\u00bb4.21.0&Prime; _module_preset=\u00a0\u00bbdefault\u00a0\u00bb global_colors_info=\u00a0\u00bb{}\u00a0\u00bb][et_pb_button button_url=\u00a0\u00bbhttps:\/\/www.gdotscanada.com\/wp-content\/uploads\/app-16-25_fr.pdf\u00a0\u00bb url_new_window=\u00a0\u00bbon\u00a0\u00bb button_text=\u00a0\u00bbAfficher la politique\u00a0\u00bb _builder_version=\u00a0\u00bb4.21.0&Prime; _module_preset=\u00a0\u00bbdefault\u00a0\u00bb hover_enabled=\u00a0\u00bb0&Prime; global_colors_info=\u00a0\u00bb{}\u00a0\u00bb sticky_enabled=\u00a0\u00bb0&Prime;][\/et_pb_button][\/et_pb_column][\/et_pb_row][\/et_pb_section][et_pb_section fb_built=\u00a0\u00bb1&Prime; disabled_on=\u00a0\u00bboff|off|off\u00a0\u00bb admin_label=\u00a0\u00bbDo Not Erase\u00a0\u00bb module_id=\u00a0\u00bbmyDIV\u00a0\u00bb module_class=\u00a0\u00bbmyDIV\u00a0\u00bb _builder_version=\u00a0\u00bb4.18.0&Prime; _module_preset=\u00a0\u00bbdefault\u00a0\u00bb positioning=\u00a0\u00bbfixed\u00a0\u00bb position_origin_f=\u00a0\u00bbbottom_center\u00a0\u00bb vertical_offset=\u00a0\u00bb-2px\u00a0\u00bb z_index=\u00a0\u00bb500&Prime; vertical_offset_tablet=\u00a0\u00bb102px\u00a0\u00bb vertical_offset_phone=\u00a0\u00bb102px\u00a0\u00bb vertical_offset_last_edited=\u00a0\u00bbon|phone\u00a0\u00bb position_origin_a_tablet=\u00a0\u00bb\u00a0\u00bb position_origin_a_phone=\u00a0\u00bb\u00a0\u00bb position_origin_a_last_edited=\u00a0\u00bbon|desktop\u00a0\u00bb position_origin_f_tablet=\u00a0\u00bb\u00a0\u00bb position_origin_f_phone=\u00a0\u00bb\u00a0\u00bb position_origin_f_last_edited=\u00a0\u00bbon|desktop\u00a0\u00bb position_origin_r_tablet=\u00a0\u00bb\u00a0\u00bb position_origin_r_phone=\u00a0\u00bb\u00a0\u00bb position_origin_r_last_edited=\u00a0\u00bbon|desktop\u00a0\u00bb animation_style=\u00a0\u00bbslide\u00a0\u00bb animation_direction=\u00a0\u00bbbottom\u00a0\u00bb animation_delay=\u00a0\u00bb2000ms\u00a0\u00bb animation_starting_opacity=\u00a0\u00bb100%\u00a0\u00bb positioning_tablet=\u00a0\u00bb\u00a0\u00bb positioning_phone=\u00a0\u00bb\u00a0\u00bb positioning_last_edited=\u00a0\u00bbon|tablet\u00a0\u00bb global_module=\u00a0\u00bb5577&Prime; saved_tabs=\u00a0\u00bball\u00a0\u00bb global_colors_info=\u00a0\u00bb{}\u00a0\u00bb][et_pb_row column_structure=\u00a0\u00bb3_4,1_4&Prime; admin_label=\u00a0\u00bbCookie Banner\u00a0\u00bb _builder_version=\u00a0\u00bb4.16&Prime; _module_preset=\u00a0\u00bbdefault\u00a0\u00bb global_colors_info=\u00a0\u00bb{}\u00a0\u00bb][et_pb_column type=\u00a0\u00bb3_4&Prime; _builder_version=\u00a0\u00bb4.16&Prime; _module_preset=\u00a0\u00bbdefault\u00a0\u00bb global_colors_info=\u00a0\u00bb{}\u00a0\u00bb][et_pb_text admin_label=\u00a0\u00bbCookie Banner Text\u00a0\u00bb _builder_version=\u00a0\u00bb4.16&Prime; _module_preset=\u00a0\u00bbdefault\u00a0\u00bb global_colors_info=\u00a0\u00bb{}\u00a0\u00bb]<\/p>\n<p><em>We use cookies to enhance your website experience. By continuing to visit this site, you agree to our use of cookies. <a href=\"https:\/\/www.gdotscanada.com\/privacy-policy\/\" target=\"_blank\" rel=\"noopener\"><span style=\"text-decoration: underline;\">Learn More.<\/span><\/a><\/em><\/p>\n<p>[\/et_pb_text][\/et_pb_column][et_pb_column type=\u00a0\u00bb1_4&Prime; _builder_version=\u00a0\u00bb4.16&Prime; _module_preset=\u00a0\u00bbdefault\u00a0\u00bb global_colors_info=\u00a0\u00bb{}\u00a0\u00bb][et_pb_code admin_label=\u00a0\u00bbCookie Button Code\u00a0\u00bb module_id=\u00a0\u00bbcookieButton\u00a0\u00bb module_class=\u00a0\u00bbcookieButton\u00a0\u00bb _builder_version=\u00a0\u00bb4.16&Prime; _module_preset=\u00a0\u00bbdefault\u00a0\u00bb global_colors_info=\u00a0\u00bb{}\u00a0\u00bb]<button style= \"background: #00529b;padding:10px 35px; color: white;\" onclick=\"myFunction()\">Accept<\/button><!-- [et_pb_line_break_holder] --><!-- [et_pb_line_break_holder] --><script><!-- [et_pb_line_break_holder] -->function myFunction() {<!-- [et_pb_line_break_holder] -->  var x = document.getElementById(\"myDIV\");<!-- [et_pb_line_break_holder] -->  if (x.style.display === \"none\") {<!-- [et_pb_line_break_holder] -->    x.style.display = \"block\";<!-- [et_pb_line_break_holder] -->  } else {<!-- [et_pb_line_break_holder] -->    x.style.display = \"none\";<!-- [et_pb_line_break_holder] -->  }<!-- [et_pb_line_break_holder] -->}<!-- [et_pb_line_break_holder] -->const storedInput = localStorage.getItem('cookieBannerDisplayed')  <!-- [et_pb_line_break_holder] -->  <!-- [et_pb_line_break_holder] -->if(storedInput) {<!-- [et_pb_line_break_holder] -->  document.getElementById('myDIV').style.display = \"none\";<!-- [et_pb_line_break_holder] -->}<!-- [et_pb_line_break_holder] -->  <!-- [et_pb_line_break_holder] -->  <!-- [et_pb_line_break_holder] -->const button = document.querySelector('.cookieButton');<!-- [et_pb_line_break_holder] -->  <!-- [et_pb_line_break_holder] -->const saveToLocalStorage = ( ) => {<!-- [et_pb_line_break_holder] -->   localStorage.setItem('cookieBannerDisplayed', 'Accepted')<!-- [et_pb_line_break_holder] -->}<!-- [et_pb_line_break_holder] -->button.addEventListener('click', saveToLocalStorage)<!-- [et_pb_line_break_holder] --><!-- [et_pb_line_break_holder] --><\/script><!-- [et_pb_line_break_holder] -->[\/et_pb_code][\/et_pb_column][\/et_pb_row][\/et_pb_section]<\/p>\n","protected":false},"excerpt":{"rendered":"<p>Politique d\u2019Approvisionnement ResponsableLa politique d&rsquo;approvisionnement durable de General Dynamics OTS Canada \u00e9tablie les exigences minimales en mati\u00e8re de viabilit\u00e9 environnementale pour les produits et services achet\u00e9s par GD OTS Canada et identifient les attributs du produit et du fournisseur qui sont fortement pr\u00e9f\u00e9r\u00e9s, voire obligatoires. Cette politique d\u00e9crit ce que l&rsquo;entreprise consid\u00e8re comme durable au niveau du produit, de la cat\u00e9gorie de produits, du service, du fournisseur ou de l&rsquo;industrie. Cette politique d&rsquo;approvisionnement durable donne la priorit\u00e9 \u00e0 la r\u00e9duction des d\u00e9chets dans l&rsquo;ordre suivant : r\u00e9duire, r\u00e9utiliser, puis recycler (3R). Lorsque cela est possible, une quatri\u00e8me option que notre politique d&rsquo;approvisionnement durable aborde consiste \u00e0 valoriser une utilisation alternative de l&rsquo;\u00e9l\u00e9ment identifi\u00e9 comme d\u00e9chet, souvent alors appel\u00e9 3RV.We use cookies to enhance your website experience. By continuing to visit this site, you agree to our use of cookies. Learn More.<\/p>\n","protected":false},"author":30,"featured_media":0,"parent":0,"menu_order":0,"comment_status":"closed","ping_status":"closed","template":"","meta":{"_et_pb_use_builder":"on","_et_pb_old_content":"","_et_gb_content_width":"","footnotes":""},"dipi_cpt_category":[],"class_list":["post-6296","page","type-page","status-publish","hentry"],"_links":{"self":[{"href":"https:\/\/www.gdotscanada.com\/fr\/wp-json\/wp\/v2\/pages\/6296","targetHints":{"allow":["GET"]}}],"collection":[{"href":"https:\/\/www.gdotscanada.com\/fr\/wp-json\/wp\/v2\/pages"}],"about":[{"href":"https:\/\/www.gdotscanada.com\/fr\/wp-json\/wp\/v2\/types\/page"}],"author":[{"embeddable":true,"href":"https:\/\/www.gdotscanada.com\/fr\/wp-json\/wp\/v2\/users\/30"}],"replies":[{"embeddable":true,"href":"https:\/\/www.gdotscanada.com\/fr\/wp-json\/wp\/v2\/comments?post=6296"}],"version-history":[{"count":0,"href":"https:\/\/www.gdotscanada.com\/fr\/wp-json\/wp\/v2\/pages\/6296\/revisions"}],"wp:attachment":[{"href":"https:\/\/www.gdotscanada.com\/fr\/wp-json\/wp\/v2\/media?parent=6296"}],"wp:term":[{"taxonomy":"dipi_cpt_category","embeddable":true,"href":"https:\/\/www.gdotscanada.com\/fr\/wp-json\/wp\/v2\/dipi_cpt_category?post=6296"}],"curies":[{"name":"wp","href":"https:\/\/api.w.org\/{rel}","templated":true}]}}