{"id":5607,"date":"2021-10-29T16:47:49","date_gmt":"2021-10-29T20:47:49","guid":{"rendered":"https:\/\/aeda98f9949b0dd36904bc18d8f82a80\/?page_id=5607"},"modified":"2023-07-20T13:40:58","modified_gmt":"2023-07-20T17:40:58","slug":"conditions-dutilisation","status":"publish","type":"page","link":"https:\/\/www.gdotscanada.com\/fr\/conditions-dutilisation\/","title":{"rendered":"Conditions d&rsquo;utilisation (Terms of Use)"},"content":{"rendered":"<p>[et_pb_section fb_built=\u00a0\u00bb1&Prime; _builder_version=\u00a0\u00bb4.10.7&Prime; _module_preset=\u00a0\u00bbdefault\u00a0\u00bb global_colors_info=\u00a0\u00bb{}\u00a0\u00bb][et_pb_row _builder_version=\u00a0\u00bb4.10.7&Prime; _module_preset=\u00a0\u00bbdefault\u00a0\u00bb hover_enabled=\u00a0\u00bb0&Prime; global_colors_info=\u00a0\u00bb{}\u00a0\u00bb sticky_enabled=\u00a0\u00bb0&Prime;][et_pb_column type=\u00a0\u00bb4_4&Prime; _builder_version=\u00a0\u00bb4.10.7&Prime; _module_preset=\u00a0\u00bbdefault\u00a0\u00bb global_colors_info=\u00a0\u00bb{}\u00a0\u00bb][et_pb_text _builder_version=\u00a0\u00bb4.10.7&Prime; _module_preset=\u00a0\u00bbdefault\u00a0\u00bb hover_enabled=\u00a0\u00bb0&Prime; global_colors_info=\u00a0\u00bb{}\u00a0\u00bb sticky_enabled=\u00a0\u00bb0&Prime;]<\/p>\n<h1>Conditions d\u2019utilisation<\/h1>\n<p>[\/et_pb_text][\/et_pb_column][\/et_pb_row][\/et_pb_section][et_pb_section fb_built=\u00a0\u00bb1&Prime; _builder_version=\u00a0\u00bb4.10.7&Prime; _module_preset=\u00a0\u00bbdefault\u00a0\u00bb global_colors_info=\u00a0\u00bb{}\u00a0\u00bb][et_pb_row _builder_version=\u00a0\u00bb4.10.7&Prime; _module_preset=\u00a0\u00bbdefault\u00a0\u00bb global_colors_info=\u00a0\u00bb{}\u00a0\u00bb][et_pb_column type=\u00a0\u00bb4_4&Prime; _builder_version=\u00a0\u00bb4.10.7&Prime; _module_preset=\u00a0\u00bbdefault\u00a0\u00bb global_colors_info=\u00a0\u00bb{}\u00a0\u00bb][et_pb_text _builder_version=\u00a0\u00bb4.10.7&Prime; _module_preset=\u00a0\u00bbdefault\u00a0\u00bb global_colors_info=\u00a0\u00bb{}\u00a0\u00bb]<\/p>\n<p>En entrant sur le site web de General Dynamics-OTS vous reconnaissez et acceptez tous les termes et conditions tels que mentionn\u00e9s.<\/p>\n<p>Notre site web est r\u00e9gi selon les lois des \u00c9tats-Unis. Si vous utilisez ce site web d\u2019un autre emplacement, vous \u00eates responsable de la conformit\u00e9 \u00e0 l\u2019int\u00e9gralit\u00e9 des lois locales applicables.<\/p>\n<p>L\u2019information contenue dans ce site web a \u00e9t\u00e9 compil\u00e9e par General Dynamics-OTS \u00e0 partir de sources internes et externes seulement afin de fournir des informations concernant la compagnie, ses filiales, et ses produits et services aux parties int\u00e9ress\u00e9es. Nous ne faisons aucune repr\u00e9sentation, garantie, ou assurance en ce qui a trait \u00e0 l\u2019exactitude, la devise ou l\u2019int\u00e9gralit\u00e9 de l\u2019information et mat\u00e9riaux fournis. General Dynamics-OTS, ses dirigeants, employ\u00e9s, filiales, repr\u00e9sentants ou agent ne seront pas tenus responsable d\u2019aucun dommage ou blessure r\u00e9sultant de votre acc\u00e8s \u00e0, ou incapacit\u00e9 d\u2019acc\u00e9der, notre site web, ou de votre confiance quant \u00e0 l\u2019information fournie sur notre site web.<\/p>\n<p>&nbsp;<\/p>\n<p>Nous nous r\u00e9servons le droit d\u2019apporter des modifications \u00e0 l\u2019information dans ce site web, ou aux services d\u00e9crits sans pr\u00e9avis. L\u2019information et le mat\u00e9riel fournis dans ce site web ne constituent pas une offre pour vendre ou acheter des titres et ne doivent pas \u00eatre \u00e9voqu\u00e9s en liaison avec aucune d\u00e9cision d\u2019investissement.<\/p>\n<p>&nbsp;<\/p>\n<p>Tout le contenu de notre site web appartient \u00e0 General Dynamics-OTS et est prot\u00e9g\u00e9 par des lois mondiales sur les droits d\u2019auteur. Vous pouvez t\u00e9l\u00e9charger du contenu seulement pour votre usage personnel \u00e0 des fins non-commerciales, mais aucune modification ou autre reproduction du contenu n\u2019est autoris\u00e9e. Les produits, la technologie ou les processus d\u00e9crits dans ce site peuvent \u00eatre sujet d\u2019autres droits de propri\u00e9t\u00e9 intellectuelle r\u00e9serv\u00e9s par General Dynamics-OTS ou d\u2019autres tiers. Nous n\u2019accordons aucune licence en ce qui concerne ces droits de propri\u00e9t\u00e9 intellectuelle.<\/p>\n<p>&nbsp;<\/p>\n<p>Toute l\u2019information et mat\u00e9riel contenus dans ce site vous sont fournis tels quels, sans aucune sorte de garantie, que ce soit explicite ou implicite, incluant mais ne se limitant pas \u00e0, la garantie implicite de la valeur marchande, convenance \u00e0 une fin particuli\u00e8re, titre et non-violation.<\/p>\n<p>&nbsp;<\/p>\n<p>Ce site web peut fournir des liens ou r\u00e9f\u00e9rences vers d\u2019autres sites, mais nous ne sommes pas responsables du contenu des autres sites et ne seront pas responsables d\u2019aucun dommage ou blessure r\u00e9sultant de ce contenu. Tous les liens vers d\u2019autres sites sont fournis seulement comme service aux usagers de notre site web.<\/p>\n<p>&nbsp;<\/p>\n<p>Les marques d\u00e9pos\u00e9es, marques de services, les noms commerciaux et produits dans ce site web sont prot\u00e9g\u00e9s aux \u00c9tats-Unis et internationalement. Aucun usage de l\u2019un de ceux-ci peut \u00eatre fait sans avoir pr\u00e9alablement re\u00e7u, une autorisation \u00e9crite de General Dynamics-OTS Canada, sauf pour identifier des produits ou service de la compagnie.<\/p>\n<p>&nbsp;<\/p>\n<p>Toutes les communications que vous envoyez en utilisant ce site web ou autrement \u00e0 General Dynamics OTS par courrier \u00e9lectronique sont sur une base non-confidentielle, et nous n\u2019avons pas d\u2019obligation de s\u2019abstenir de les reproduire, publier ou les utiliser autrement. Nous sommes libres d\u2019utiliser le contenu de ces communications, y compris les id\u00e9es, inventions, concepts, techniques ou savoir-faire qui y sont divulgu\u00e9s, \u00e0 toute fin, incluant le d\u00e9veloppement, la fabrication et\/ou la commercialisation des biens et services.<\/p>\n<p>&nbsp;<\/p>\n<p>L\u2019exp\u00e9diteur de toute communication \u00e0 ce site web ou autrement \u00e0 General Dynamics OTS est responsable du contenant et de l\u2019information qui y sont contenus, incluant sa v\u00e9racit\u00e9 et son exactitude.<\/p>\n<p>&nbsp;<\/p>\n<p>&nbsp;<\/p>\n<p>&nbsp;<\/p>\n<p>[\/et_pb_text][\/et_pb_column][\/et_pb_row][\/et_pb_section]<\/p>\n","protected":false},"excerpt":{"rendered":"<p>Conditions d\u2019utilisationEn entrant sur le site web de General Dynamics-OTS vous reconnaissez et acceptez tous les termes et conditions tels que mentionn\u00e9s. Notre site web est r\u00e9gi selon les lois des \u00c9tats-Unis. Si vous utilisez ce site web d\u2019un autre emplacement, vous \u00eates responsable de la conformit\u00e9 \u00e0 l\u2019int\u00e9gralit\u00e9 des lois locales applicables. L\u2019information contenue dans ce site web a \u00e9t\u00e9 compil\u00e9e par General Dynamics-OTS \u00e0 partir de sources internes et externes seulement afin de fournir des informations concernant la compagnie, ses filiales, et ses produits et services aux parties int\u00e9ress\u00e9es. Nous ne faisons aucune repr\u00e9sentation, garantie, ou assurance en ce qui a trait \u00e0 l\u2019exactitude, la devise ou l\u2019int\u00e9gralit\u00e9 de l\u2019information et mat\u00e9riaux fournis. General Dynamics-OTS, ses dirigeants, employ\u00e9s, filiales, repr\u00e9sentants ou agent ne seront pas tenus responsable d\u2019aucun dommage ou blessure r\u00e9sultant de votre acc\u00e8s \u00e0, ou incapacit\u00e9 d\u2019acc\u00e9der, notre site web, ou de votre confiance quant \u00e0 l\u2019information fournie sur notre site web. &nbsp; Nous nous r\u00e9servons le droit d\u2019apporter des modifications \u00e0 l\u2019information dans ce site web, ou aux services d\u00e9crits sans pr\u00e9avis. L\u2019information et le mat\u00e9riel fournis dans ce site web ne constituent pas une offre pour vendre ou acheter des titres et ne doivent [&hellip;]<\/p>\n","protected":false},"author":30,"featured_media":0,"parent":0,"menu_order":0,"comment_status":"closed","ping_status":"closed","template":"","meta":{"_et_pb_use_builder":"on","_et_pb_old_content":"","_et_gb_content_width":"","footnotes":""},"dipi_cpt_category":[],"class_list":["post-5607","page","type-page","status-publish","hentry"],"_links":{"self":[{"href":"https:\/\/www.gdotscanada.com\/fr\/wp-json\/wp\/v2\/pages\/5607","targetHints":{"allow":["GET"]}}],"collection":[{"href":"https:\/\/www.gdotscanada.com\/fr\/wp-json\/wp\/v2\/pages"}],"about":[{"href":"https:\/\/www.gdotscanada.com\/fr\/wp-json\/wp\/v2\/types\/page"}],"author":[{"embeddable":true,"href":"https:\/\/www.gdotscanada.com\/fr\/wp-json\/wp\/v2\/users\/30"}],"replies":[{"embeddable":true,"href":"https:\/\/www.gdotscanada.com\/fr\/wp-json\/wp\/v2\/comments?post=5607"}],"version-history":[{"count":0,"href":"https:\/\/www.gdotscanada.com\/fr\/wp-json\/wp\/v2\/pages\/5607\/revisions"}],"wp:attachment":[{"href":"https:\/\/www.gdotscanada.com\/fr\/wp-json\/wp\/v2\/media?parent=5607"}],"wp:term":[{"taxonomy":"dipi_cpt_category","embeddable":true,"href":"https:\/\/www.gdotscanada.com\/fr\/wp-json\/wp\/v2\/dipi_cpt_category?post=5607"}],"curies":[{"name":"wp","href":"https:\/\/api.w.org\/{rel}","templated":true}]}}