{"id":3330,"date":"2016-05-03T15:10:55","date_gmt":"2016-05-03T19:10:55","guid":{"rendered":"https:\/\/aeda98f9949b0dd36904bc18d8f82a80\/fr\/?page_id=3330"},"modified":"2021-11-01T08:16:28","modified_gmt":"2021-11-01T12:16:28","slug":"balistique-terminale","status":"publish","type":"page","link":"https:\/\/www.gdotscanada.com\/fr\/services\/recherche-et-developpement\/balistique-terminale\/","title":{"rendered":"Balistique terminale"},"content":{"rendered":"<p>[et_pb_section fb_built=\u00a0\u00bb1&Prime; custom_padding_last_edited=\u00a0\u00bbon|desktop\u00a0\u00bb admin_label=\u00a0\u00bbsection\u00a0\u00bb _builder_version=\u00a0\u00bb3.22&Prime; background_image=\u00a0\u00bbhttps:\/\/www.gdotscanada.com\/wp-content\/uploads\/main_canada_RD2.jpg\u00a0\u00bb parallax=\u00a0\u00bbon\u00a0\u00bb custom_padding_tablet=\u00a0\u00bb50px|0|50px|0&Prime; custom_padding_phone=\u00a0\u00bb\u00a0\u00bb transparent_background=\u00a0\u00bboff\u00a0\u00bb padding_mobile=\u00a0\u00bboff\u00a0\u00bb make_fullwidth=\u00a0\u00bboff\u00a0\u00bb use_custom_width=\u00a0\u00bboff\u00a0\u00bb width_unit=\u00a0\u00bbon\u00a0\u00bb global_colors_info=\u00a0\u00bb{}\u00a0\u00bb][et_pb_row admin_label=\u00a0\u00bbrow\u00a0\u00bb _builder_version=\u00a0\u00bb3.25&Prime; background_size=\u00a0\u00bbinitial\u00a0\u00bb background_position=\u00a0\u00bbtop_left\u00a0\u00bb background_repeat=\u00a0\u00bbrepeat\u00a0\u00bb global_colors_info=\u00a0\u00bb{}\u00a0\u00bb][et_pb_column type=\u00a0\u00bb4_4&Prime; _builder_version=\u00a0\u00bb3.25&Prime; custom_padding=\u00a0\u00bb|||\u00a0\u00bb global_colors_info=\u00a0\u00bb{}\u00a0\u00bb custom_padding__hover=\u00a0\u00bb|||\u00a0\u00bb][et_pb_divider show_divider=\u00a0\u00bboff\u00a0\u00bb disabled_on=\u00a0\u00bbon|on|off\u00a0\u00bb admin_label=\u00a0\u00bbDivider\u00a0\u00bb _builder_version=\u00a0\u00bb3.23.4&Prime; height=\u00a0\u00bb20&Prime; hide_on_mobile=\u00a0\u00bbon\u00a0\u00bb global_colors_info=\u00a0\u00bb{}\u00a0\u00bb][\/et_pb_divider][et_pb_text admin_label=\u00a0\u00bbText &#8211; RECHERCHE ET D\u00c9VELOPPEMENT\u00a0\u00bb _builder_version=\u00a0\u00bb3.27.4&Prime; background_size=\u00a0\u00bbinitial\u00a0\u00bb background_position=\u00a0\u00bbtop_left\u00a0\u00bb background_repeat=\u00a0\u00bbrepeat\u00a0\u00bb use_border_color=\u00a0\u00bboff\u00a0\u00bb border_color=\u00a0\u00bb#ffffff\u00a0\u00bb border_style=\u00a0\u00bbsolid\u00a0\u00bb global_colors_info=\u00a0\u00bb{}\u00a0\u00bb]<\/p>\n<h1><span style=\"color: #ffffff;\">RECHERCHE ET \u00a0D\u00c9VELOPPEMENT<\/span><\/h1>\n<p>[\/et_pb_text][et_pb_divider show_divider=\u00a0\u00bboff\u00a0\u00bb disabled_on=\u00a0\u00bbon|on|off\u00a0\u00bb admin_label=\u00a0\u00bbDivider\u00a0\u00bb _builder_version=\u00a0\u00bb3.23.4&Prime; height=\u00a0\u00bb20&Prime; hide_on_mobile=\u00a0\u00bbon\u00a0\u00bb global_colors_info=\u00a0\u00bb{}\u00a0\u00bb][\/et_pb_divider][\/et_pb_column][\/et_pb_row][\/et_pb_section][et_pb_section fb_built=\u00a0\u00bb1&Prime; specialty=\u00a0\u00bbon\u00a0\u00bb custom_padding_last_edited=\u00a0\u00bbon|desktop\u00a0\u00bb parallax_method_1=\u00a0\u00bboff\u00a0\u00bb parallax_method_2=\u00a0\u00bboff\u00a0\u00bb admin_label=\u00a0\u00bbsection\u00a0\u00bb _builder_version=\u00a0\u00bb3.22&Prime; background_color=\u00a0\u00bb#ffffff\u00a0\u00bb custom_padding=\u00a0\u00bb30px||30px|\u00a0\u00bb custom_padding_tablet=\u00a0\u00bb50px|0|50px|0&Prime; custom_padding_phone=\u00a0\u00bb\u00a0\u00bb transparent_background=\u00a0\u00bboff\u00a0\u00bb padding_mobile=\u00a0\u00bboff\u00a0\u00bb make_fullwidth=\u00a0\u00bboff\u00a0\u00bb use_custom_width=\u00a0\u00bboff\u00a0\u00bb width_unit=\u00a0\u00bbon\u00a0\u00bb global_colors_info=\u00a0\u00bb{}\u00a0\u00bb][et_pb_column type=\u00a0\u00bb3_4&Prime; specialty_columns=\u00a0\u00bb3&Prime; _builder_version=\u00a0\u00bb3.25&Prime; custom_padding=\u00a0\u00bb|||\u00a0\u00bb global_colors_info=\u00a0\u00bb{}\u00a0\u00bb custom_padding__hover=\u00a0\u00bb|||\u00a0\u00bb][et_pb_row_inner admin_label=\u00a0\u00bbrow_inner\u00a0\u00bb _builder_version=\u00a0\u00bb3.25&Prime; global_colors_info=\u00a0\u00bb{}\u00a0\u00bb][et_pb_column_inner saved_specialty_column_type=\u00a0\u00bb3_4&Prime; _builder_version=\u00a0\u00bb3.25&Prime; custom_padding=\u00a0\u00bb|||\u00a0\u00bb global_colors_info=\u00a0\u00bb{}\u00a0\u00bb custom_padding__hover=\u00a0\u00bb|||\u00a0\u00bb][et_pb_text admin_label=\u00a0\u00bbText &#8211; Balistique terminale\u00a0\u00bb _builder_version=\u00a0\u00bb3.27.4&Prime; text_font_size=\u00a0\u00bb18&Prime; background_size=\u00a0\u00bbinitial\u00a0\u00bb background_position=\u00a0\u00bbtop_left\u00a0\u00bb background_repeat=\u00a0\u00bbrepeat\u00a0\u00bb use_border_color=\u00a0\u00bboff\u00a0\u00bb border_color=\u00a0\u00bb#d6d6d6&Prime; border_width=\u00a0\u00bb3px\u00a0\u00bb border_style=\u00a0\u00bbsolid\u00a0\u00bb global_colors_info=\u00a0\u00bb{}\u00a0\u00bb]<\/p>\n<h2><\/h2>\n<h2>Balistique terminale<\/h2>\n<p><img loading=\"lazy\" decoding=\"async\" class=\" wp-image-1157 size-full alignright\" src=\"https:\/\/www.gdotscanada.com\/wp-content\/uploads\/RD_term_ballistics_main.jpg\" alt=\"\" width=\"300\" height=\"250\" \/><br \/>\n<!--more-->General Dynamics Ordnance and Tactical Systems \u2013 Canada (GD-OTS\u00a0\u2013 Canada peut calculer la \u00a0fragmentation, la l\u00e9talit\u00e9 et les m\u00e9canismes de fonctionnement des t\u00eates militaires \u00e0 l\u2019aide de divers logiciels.<\/p>\n<p>Le logiciel SplitX est utilis\u00e9 dans les \u00e9tudes de fragmentation pour d\u00e9terminer la vitesse des \u00e9clats, les angles d\u2019\u00e9jection, le nombre et la r\u00e9partition des masses de fragments. Il permet d\u2019obtenir des donn\u00e9es comparables \u00e0 celles obtenues lors de tests d\u2019ar\u00e8ne. Ces donn\u00e9es de fragmentation peuvent \u00eatre utilis\u00e9es pour des calculs de vuln\u00e9rabilit\u00e9.<br \/>\n[\/et_pb_text][et_pb_image src=\u00a0\u00bbhttps:\/\/www.gdotscanada.com\/wp-content\/uploads\/RD_term_ballistics11.jpg\u00a0\u00bb align_tablet=\u00a0\u00bbcenter\u00a0\u00bb align_phone=\u00a0\u00bb\u00a0\u00bb align_last_edited=\u00a0\u00bbon|desktop\u00a0\u00bb admin_label=\u00a0\u00bbImage\u00a0\u00bb _builder_version=\u00a0\u00bb3.23&Prime; use_border_color=\u00a0\u00bboff\u00a0\u00bb border_color=\u00a0\u00bb#ffffff\u00a0\u00bb border_style=\u00a0\u00bbsolid\u00a0\u00bb animation=\u00a0\u00bboff\u00a0\u00bb sticky=\u00a0\u00bboff\u00a0\u00bb always_center_on_mobile=\u00a0\u00bbon\u00a0\u00bb global_colors_info=\u00a0\u00bb{}\u00a0\u00bb][\/et_pb_image][\/et_pb_column_inner][\/et_pb_row_inner][et_pb_row_inner column_structure=\u00a0\u00bb1_3,1_3,1_3&Prime; admin_label=\u00a0\u00bbrow_inner\u00a0\u00bb _builder_version=\u00a0\u00bb3.25&Prime; global_colors_info=\u00a0\u00bb{}\u00a0\u00bb][et_pb_column_inner type=\u00a0\u00bb1_3&Prime; saved_specialty_column_type=\u00a0\u00bb3_4&Prime; _builder_version=\u00a0\u00bb3.25&Prime; custom_padding=\u00a0\u00bb|||\u00a0\u00bb global_colors_info=\u00a0\u00bb{}\u00a0\u00bb custom_padding__hover=\u00a0\u00bb|||\u00a0\u00bb][et_pb_image src=\u00a0\u00bbhttps:\/\/www.gdotscanada.com\/wp-content\/uploads\/RD_term_ballistics3.jpg\u00a0\u00bb force_fullwidth=\u00a0\u00bbon\u00a0\u00bb align_tablet=\u00a0\u00bbcenter\u00a0\u00bb align_phone=\u00a0\u00bb\u00a0\u00bb align_last_edited=\u00a0\u00bbon|desktop\u00a0\u00bb admin_label=\u00a0\u00bbImage\u00a0\u00bb _builder_version=\u00a0\u00bb3.23&Prime; use_border_color=\u00a0\u00bboff\u00a0\u00bb border_color=\u00a0\u00bb#ffffff\u00a0\u00bb border_style=\u00a0\u00bbsolid\u00a0\u00bb animation=\u00a0\u00bboff\u00a0\u00bb sticky=\u00a0\u00bboff\u00a0\u00bb always_center_on_mobile=\u00a0\u00bbon\u00a0\u00bb global_colors_info=\u00a0\u00bb{}\u00a0\u00bb][\/et_pb_image][et_pb_text admin_label=\u00a0\u00bbText\u00a0\u00bb _builder_version=\u00a0\u00bb3.27.4&Prime; background_size=\u00a0\u00bbinitial\u00a0\u00bb background_position=\u00a0\u00bbtop_left\u00a0\u00bb background_repeat=\u00a0\u00bbrepeat\u00a0\u00bb use_border_color=\u00a0\u00bboff\u00a0\u00bb border_color=\u00a0\u00bb#ffffff\u00a0\u00bb border_style=\u00a0\u00bbsolid\u00a0\u00bb global_colors_info=\u00a0\u00bb{}\u00a0\u00bb]Les m\u00e9canismes de fonctionnement des t\u00eates militaires peuvent \u00eatre simul\u00e9s en utilisant le logiciel hydrocode LS-Dyna qui permet le calcul des d\u00e9formations \u00e0 tr\u00e8s haute vitesse.<br \/>\n[\/et_pb_text][\/et_pb_column_inner][et_pb_column_inner type=\u00a0\u00bb1_3&Prime; saved_specialty_column_type=\u00a0\u00bb3_4&Prime; _builder_version=\u00a0\u00bb3.25&Prime; custom_padding=\u00a0\u00bb|||\u00a0\u00bb global_colors_info=\u00a0\u00bb{}\u00a0\u00bb custom_padding__hover=\u00a0\u00bb|||\u00a0\u00bb][et_pb_image src=\u00a0\u00bbhttps:\/\/www.gdotscanada.com\/wp-content\/uploads\/RD_term_ballistics2.jpg\u00a0\u00bb force_fullwidth=\u00a0\u00bbon\u00a0\u00bb align_tablet=\u00a0\u00bbcenter\u00a0\u00bb align_phone=\u00a0\u00bb\u00a0\u00bb align_last_edited=\u00a0\u00bbon|desktop\u00a0\u00bb admin_label=\u00a0\u00bbImage\u00a0\u00bb _builder_version=\u00a0\u00bb3.23&Prime; use_border_color=\u00a0\u00bboff\u00a0\u00bb border_color=\u00a0\u00bb#ffffff\u00a0\u00bb border_style=\u00a0\u00bbsolid\u00a0\u00bb animation=\u00a0\u00bboff\u00a0\u00bb sticky=\u00a0\u00bboff\u00a0\u00bb always_center_on_mobile=\u00a0\u00bbon\u00a0\u00bb global_colors_info=\u00a0\u00bb{}\u00a0\u00bb][\/et_pb_image][et_pb_text admin_label=\u00a0\u00bbText\u00a0\u00bb _builder_version=\u00a0\u00bb3.27.4&Prime; background_size=\u00a0\u00bbinitial\u00a0\u00bb background_position=\u00a0\u00bbtop_left\u00a0\u00bb background_repeat=\u00a0\u00bbrepeat\u00a0\u00bb use_border_color=\u00a0\u00bboff\u00a0\u00bb border_color=\u00a0\u00bb#ffffff\u00a0\u00bb border_style=\u00a0\u00bbsolid\u00a0\u00bb global_colors_info=\u00a0\u00bb{}\u00a0\u00bb]Les \u00e9tudes de vuln\u00e9rabilit\u00e9 sont effectu\u00e9es en utilisant un code interne bas\u00e9 sur \u00ab\u00a0M. LINDEMANN, \u00abA Computational Method for Predicting from Design Parameters the Effective Lethal Area of Naturally Fragmenting Weapons,\u00bb Indian Head, Maryland, 1969\u201d. Le \u00a0code calcule les contours de probabilit\u00e9 de l\u00e9talit\u00e9 et la zone l\u00e9tale pour divers angles de descente.<\/p>\n<p>Le d\u00e9partement Recherche et D\u00e9veloppement poss\u00e8de \u00e9galement un laboratoire en d\u00e9tonique permettant des essais sur de petites pi\u00e8ces.<br \/>\n[\/et_pb_text][\/et_pb_column_inner][et_pb_column_inner type=\u00a0\u00bb1_3&Prime; saved_specialty_column_type=\u00a0\u00bb3_4&Prime; _builder_version=\u00a0\u00bb3.25&Prime; custom_padding=\u00a0\u00bb|||\u00a0\u00bb global_colors_info=\u00a0\u00bb{}\u00a0\u00bb custom_padding__hover=\u00a0\u00bb|||\u00a0\u00bb][et_pb_video src=\u00a0\u00bbhttps:\/\/www.gdotscanada.com\/wp-content\/uploads\/Terminal-ballistics-video-2_2.mp4&Prime; admin_label=\u00a0\u00bbVideo\u00a0\u00bb _builder_version=\u00a0\u00bb3.0.47&Prime; global_colors_info=\u00a0\u00bb{}\u00a0\u00bb][\/et_pb_video][et_pb_video src=\u00a0\u00bbhttps:\/\/www.gdotscanada.com\/wp-content\/uploads\/Terminal-ballistics-video-2_1.mp4&Prime; admin_label=\u00a0\u00bbVideo\u00a0\u00bb _builder_version=\u00a0\u00bb3.0.47&Prime; global_colors_info=\u00a0\u00bb{}\u00a0\u00bb][\/et_pb_video][\/et_pb_column_inner][\/et_pb_row_inner][et_pb_row_inner admin_label=\u00a0\u00bbrow_inner\u00a0\u00bb _builder_version=\u00a0\u00bb3.25&Prime; global_colors_info=\u00a0\u00bb{}\u00a0\u00bb][et_pb_column_inner saved_specialty_column_type=\u00a0\u00bb3_4&Prime; _builder_version=\u00a0\u00bb3.25&Prime; custom_padding=\u00a0\u00bb|||\u00a0\u00bb global_colors_info=\u00a0\u00bb{}\u00a0\u00bb custom_padding__hover=\u00a0\u00bb|||\u00a0\u00bb][et_pb_divider show_divider=\u00a0\u00bboff\u00a0\u00bb disabled_on=\u00a0\u00bbon|on|off\u00a0\u00bb admin_label=\u00a0\u00bbDivider\u00a0\u00bb _builder_version=\u00a0\u00bb3.23.4&Prime; height=\u00a0\u00bb10&Prime; hide_on_mobile=\u00a0\u00bbon\u00a0\u00bb global_colors_info=\u00a0\u00bb{}\u00a0\u00bb][\/et_pb_divider][\/et_pb_column_inner][\/et_pb_row_inner][\/et_pb_column][et_pb_column type=\u00a0\u00bb1_4&Prime; _builder_version=\u00a0\u00bb3.25&Prime; custom_padding=\u00a0\u00bb|||\u00a0\u00bb global_colors_info=\u00a0\u00bb{}\u00a0\u00bb custom_padding__hover=\u00a0\u00bb|||\u00a0\u00bb][et_pb_text admin_label=\u00a0\u00bbLiens connexes\u00a0\u00bb _builder_version=\u00a0\u00bb3.27.4&Prime; text_line_height=\u00a0\u00bb2.5em\u00a0\u00bb background_size=\u00a0\u00bbinitial\u00a0\u00bb background_position=\u00a0\u00bbtop_left\u00a0\u00bb background_repeat=\u00a0\u00bbrepeat\u00a0\u00bb custom_padding=\u00a0\u00bb20px|15px|20px|15px\u00a0\u00bb border_width_all=\u00a0\u00bb0px\u00a0\u00bb border_color_all=\u00a0\u00bb#e3e4e5&Prime; border_style_all=\u00a0\u00bbsolid\u00a0\u00bb use_border_color=\u00a0\u00bbon\u00a0\u00bb border_color=\u00a0\u00bb#e3e4e5&Prime; border_style=\u00a0\u00bbsolid\u00a0\u00bb saved_tabs=\u00a0\u00bball\u00a0\u00bb global_colors_info=\u00a0\u00bb{}\u00a0\u00bb]<\/p>\n<h3>Liens connexes:<\/h3>\n<p><a href=\"https:\/\/www.gdotscanada.com\/fr\/services\/recherche-et-developpement\/\">Recherche et d\u00e9veloppement<\/a><br \/>\n<a href=\"https:\/\/www.gdotscanada.com\/fr\/services\/lap-tous-calibres\/\">LAP tous calibres<br \/>\n<\/a><a href=\"https:\/\/www.gdotscanada.com\/fr\/services\/explosive-processing\/\">Traitement des explosifs<br \/>\n<\/a><a href=\"https:\/\/www.gdotscanada.com\/fr\/services\/recherche-et-developpement\/service-de-balistique-externe\/\">Service de balistique externe<br \/>\n<\/a><a href=\"https:\/\/www.gdotscanada.com\/fr\/services\/recherche-et-developpement\/r-et-d-des-explosifs-detonants\/\">Explosifs d\u00e9tonants<\/a><br \/>\n<a href=\"https:\/\/www.gdotscanada.com\/fr\/services\/recherche-et-developpement\/munitions-risques-attenues\/\">Munitions \u00e0 risques att\u00e9nu\u00e9s<\/a><br \/>\n<a href=\"https:\/\/www.gdotscanada.com\/fr\/services\/recherche-et-developpement\/service-de-balistique-externe\/\">Service de balistique interne<br \/>\n<\/a><a href=\"https:\/\/www.gdotscanada.com\/fr\/services\/recherche-et-developpement\/analyse-metallurgique\/\">Analyse m\u00e9tallurgique<br \/>\n<\/a><a href=\"https:\/\/www.gdotscanada.com\/fr\/services\/recherche-et-developpement\/conception-mecanique\/\">Conception m\u00e9canique<br \/>\n<\/a><a href=\"https:\/\/www.gdotscanada.com\/fr\/services\/recherche-et-developpement\/developpement-pyrotechnique\/\">D\u00e9v. pyrotechnique<br \/>\n<\/a><a href=\"https:\/\/www.gdotscanada.com\/fr\/services\/recherche-et-developpement\/balistique-terminale\/\">Balistique terminale<\/a><br \/>\n[\/et_pb_text][\/et_pb_column][\/et_pb_section][et_pb_section fb_built=\u00a0\u00bb1&Prime; module_id=\u00a0\u00bbmyDIV\u00a0\u00bb module_class=\u00a0\u00bbmyDIV\u00a0\u00bb _builder_version=\u00a0\u00bb4.10.7&Prime; _module_preset=\u00a0\u00bbdefault\u00a0\u00bb positioning=\u00a0\u00bbfixed\u00a0\u00bb vertical_offset=\u00a0\u00bb831px\u00a0\u00bb z_index=\u00a0\u00bb500&Prime; vertical_offset_tablet=\u00a0\u00bb470px\u00a0\u00bb vertical_offset_phone=\u00a0\u00bb\u00a0\u00bb vertical_offset_last_edited=\u00a0\u00bbon|tablet\u00a0\u00bb position_origin_a_tablet=\u00a0\u00bb\u00a0\u00bb position_origin_a_phone=\u00a0\u00bb\u00a0\u00bb position_origin_a_last_edited=\u00a0\u00bbon|desktop\u00a0\u00bb position_origin_f_tablet=\u00a0\u00bb\u00a0\u00bb position_origin_f_phone=\u00a0\u00bb\u00a0\u00bb position_origin_f_last_edited=\u00a0\u00bbon|desktop\u00a0\u00bb position_origin_r_tablet=\u00a0\u00bb\u00a0\u00bb position_origin_r_phone=\u00a0\u00bb\u00a0\u00bb position_origin_r_last_edited=\u00a0\u00bbon|desktop\u00a0\u00bb positioning_tablet=\u00a0\u00bb\u00a0\u00bb positioning_phone=\u00a0\u00bb\u00a0\u00bb positioning_last_edited=\u00a0\u00bbon|phone\u00a0\u00bb custom_css_main_element=\u00a0\u00bbdisplay: none;\u00a0\u00bb saved_tabs=\u00a0\u00bball\u00a0\u00bb global_colors_info=\u00a0\u00bb{}\u00a0\u00bb][et_pb_row column_structure=\u00a0\u00bb3_4,1_4&Prime; _builder_version=\u00a0\u00bb4.10.7&Prime; _module_preset=\u00a0\u00bbdefault\u00a0\u00bb global_colors_info=\u00a0\u00bb{}\u00a0\u00bb][et_pb_column type=\u00a0\u00bb3_4&Prime; _builder_version=\u00a0\u00bb4.10.7&Prime; _module_preset=\u00a0\u00bbdefault\u00a0\u00bb global_colors_info=\u00a0\u00bb{}\u00a0\u00bb][et_pb_text _builder_version=\u00a0\u00bb4.10.7&Prime; _module_preset=\u00a0\u00bbdefault\u00a0\u00bb global_colors_info=\u00a0\u00bb{}\u00a0\u00bb]<\/p>\n<p>Your content goes here. Edit or remove this text inline or in the module Content settings. You can also style every aspect of this content in the module Design settings and even apply custom CSS to this text in the module Advanced settings.<\/p>\n<p>[\/et_pb_text][\/et_pb_column][et_pb_column type=\u00a0\u00bb1_4&Prime; _builder_version=\u00a0\u00bb4.10.7&Prime; _module_preset=\u00a0\u00bbdefault\u00a0\u00bb global_colors_info=\u00a0\u00bb{}\u00a0\u00bb][et_pb_code module_id=\u00a0\u00bbcookieButton\u00a0\u00bb module_class=\u00a0\u00bbCookieButton\u00a0\u00bb _builder_version=\u00a0\u00bb4.10.7&Prime; _module_preset=\u00a0\u00bbdefault\u00a0\u00bb global_colors_info=\u00a0\u00bb{}\u00a0\u00bb]<button style= \"background: #00529b;padding:10px 35px; color: white;\" onclick=\"myFunction()\">Accept<\/button><!-- [et_pb_line_break_holder] --><!-- [et_pb_line_break_holder] --><script><!-- [et_pb_line_break_holder] -->function myFunction() {<!-- [et_pb_line_break_holder] -->  var x = document.getElementById(\"myDIV\");<!-- [et_pb_line_break_holder] -->  if (x.style.display === \"none\") {<!-- [et_pb_line_break_holder] -->    x.style.display = \"block\";<!-- [et_pb_line_break_holder] -->  } else {<!-- [et_pb_line_break_holder] -->    x.style.display = \"none\";<!-- [et_pb_line_break_holder] -->  }<!-- [et_pb_line_break_holder] -->}<!-- [et_pb_line_break_holder] -->const storedInput = localStorage.getItem('cookieBannerDisplayed')  <!-- [et_pb_line_break_holder] -->  <!-- [et_pb_line_break_holder] -->if(storedInput) {<!-- [et_pb_line_break_holder] -->  document.getElementById('myDIV').style.display = \"none\";<!-- [et_pb_line_break_holder] -->}<!-- [et_pb_line_break_holder] -->  <!-- [et_pb_line_break_holder] -->  <!-- [et_pb_line_break_holder] -->const button = document.querySelector('.cookieButton');<!-- [et_pb_line_break_holder] -->  <!-- [et_pb_line_break_holder] -->const saveToLocalStorage = ( ) => {<!-- [et_pb_line_break_holder] -->   localStorage.setItem('cookieBannerDisplayed', 'Accepted')<!-- [et_pb_line_break_holder] -->}<!-- [et_pb_line_break_holder] -->button.addEventListener('click', saveToLocalStorage)<!-- [et_pb_line_break_holder] --><!-- [et_pb_line_break_holder] --><\/script><!-- [et_pb_line_break_holder] --><!-- [et_pb_line_break_holder] -->[\/et_pb_code][\/et_pb_column][\/et_pb_row][\/et_pb_section][et_pb_section fb_built=\u00a0\u00bb1&Prime; disabled_on=\u00a0\u00bbon|on|on\u00a0\u00bb admin_label=\u00a0\u00bbDo Not Erase\u00a0\u00bb module_id=\u00a0\u00bbmyDIV\u00a0\u00bb module_class=\u00a0\u00bbmyDIV\u00a0\u00bb _builder_version=\u00a0\u00bb4.10.7&Prime; _module_preset=\u00a0\u00bbdefault\u00a0\u00bb positioning=\u00a0\u00bbfixed\u00a0\u00bb position_origin_f=\u00a0\u00bbbottom_center\u00a0\u00bb vertical_offset=\u00a0\u00bb0px\u00a0\u00bb z_index=\u00a0\u00bb500&Prime; vertical_offset_tablet=\u00a0\u00bb97px\u00a0\u00bb vertical_offset_phone=\u00a0\u00bb119px\u00a0\u00bb vertical_offset_last_edited=\u00a0\u00bbon|phone\u00a0\u00bb position_origin_a_tablet=\u00a0\u00bb\u00a0\u00bb position_origin_a_phone=\u00a0\u00bb\u00a0\u00bb position_origin_a_last_edited=\u00a0\u00bbon|phone\u00a0\u00bb position_origin_f_tablet=\u00a0\u00bb\u00a0\u00bb position_origin_f_phone=\u00a0\u00bb\u00a0\u00bb position_origin_f_last_edited=\u00a0\u00bbon|phone\u00a0\u00bb position_origin_r_tablet=\u00a0\u00bb\u00a0\u00bb position_origin_r_phone=\u00a0\u00bb\u00a0\u00bb position_origin_r_last_edited=\u00a0\u00bbon|phone\u00a0\u00bb positioning_tablet=\u00a0\u00bb\u00a0\u00bb positioning_phone=\u00a0\u00bb\u00a0\u00bb positioning_last_edited=\u00a0\u00bbon|phone\u00a0\u00bb disabled=\u00a0\u00bbon\u00a0\u00bb saved_tabs=\u00a0\u00bball\u00a0\u00bb global_colors_info=\u00a0\u00bb{}\u00a0\u00bb global_module=\u00a0\u00bb5625&Prime;][et_pb_row column_structure=\u00a0\u00bb3_4,1_4&Prime; admin_label=\u00a0\u00bbFrench Cookie Banner\u00a0\u00bb _builder_version=\u00a0\u00bb4.10.7&Prime; _module_preset=\u00a0\u00bbdefault\u00a0\u00bb global_colors_info=\u00a0\u00bb{}\u00a0\u00bb][et_pb_column type=\u00a0\u00bb3_4&Prime; _builder_version=\u00a0\u00bb4.10.7&Prime; _module_preset=\u00a0\u00bbdefault\u00a0\u00bb global_colors_info=\u00a0\u00bb{}\u00a0\u00bb][et_pb_text admin_label=\u00a0\u00bbCookie Banner Text\u00a0\u00bb _builder_version=\u00a0\u00bb4.10.7&Prime; _module_preset=\u00a0\u00bbdefault\u00a0\u00bb global_colors_info=\u00a0\u00bb{}\u00a0\u00bb]<\/p>\n<p><em>We use cookies to enhance your website experience. By continuing to visit this site, you agree to our use of cookies.<span>\u00a0<\/span><a href=\"https:\/\/www.gdotscanada.com\/politique-de-confidentialite\/\" target=\"_blank\" rel=\"noopener\"><u>Learn More<\/u><\/a><\/em><a href=\"https:\/\/www.gdotscanada.com\/politique-de-confidentialite\/\" target=\"_blank\" rel=\"noopener\"><u>.<\/u><\/a><\/p>\n<p>[\/et_pb_text][\/et_pb_column][et_pb_column type=\u00a0\u00bb1_4&Prime; _builder_version=\u00a0\u00bb4.10.7&Prime; _module_preset=\u00a0\u00bbdefault\u00a0\u00bb global_colors_info=\u00a0\u00bb{}\u00a0\u00bb][et_pb_code admin_label=\u00a0\u00bbCookie Banner Code\u00a0\u00bb module_id=\u00a0\u00bbcookieButton\u00a0\u00bb module_class=\u00a0\u00bbcookieButton\u00a0\u00bb _builder_version=\u00a0\u00bb4.10.7&Prime; _module_preset=\u00a0\u00bbdefault\u00a0\u00bb global_colors_info=\u00a0\u00bb{}\u00a0\u00bb]<button style= \"background: #00529b;padding:10px 35px; color: white;\" onclick=\"myFunction()\">Accept<\/button><!-- [et_pb_line_break_holder] --><!-- [et_pb_line_break_holder] --><script><!-- [et_pb_line_break_holder] -->function myFunction() {<!-- [et_pb_line_break_holder] -->  var x = document.getElementById(\"myDIV\");<!-- [et_pb_line_break_holder] -->  if (x.style.display === \"none\") {<!-- [et_pb_line_break_holder] -->    x.style.display = \"block\";<!-- [et_pb_line_break_holder] -->  } else {<!-- [et_pb_line_break_holder] -->    x.style.display = \"none\";<!-- [et_pb_line_break_holder] -->  }<!-- [et_pb_line_break_holder] -->}<!-- [et_pb_line_break_holder] -->const storedInput = localStorage.getItem('cookieBannerDisplayed')  <!-- [et_pb_line_break_holder] -->  <!-- [et_pb_line_break_holder] -->if(storedInput) {<!-- [et_pb_line_break_holder] -->  document.getElementById('myDIV').style.display = \"none\";<!-- [et_pb_line_break_holder] -->}<!-- [et_pb_line_break_holder] -->  <!-- [et_pb_line_break_holder] -->  <!-- [et_pb_line_break_holder] -->const button = document.querySelector('.cookieButton');<!-- [et_pb_line_break_holder] -->  <!-- [et_pb_line_break_holder] -->const saveToLocalStorage = ( ) => {<!-- [et_pb_line_break_holder] -->   localStorage.setItem('cookieBannerDisplayed', 'Accepted')<!-- [et_pb_line_break_holder] -->}<!-- [et_pb_line_break_holder] -->button.addEventListener('click', saveToLocalStorage)<!-- [et_pb_line_break_holder] --><!-- [et_pb_line_break_holder] --><\/script><!-- [et_pb_line_break_holder] -->[\/et_pb_code][\/et_pb_column][\/et_pb_row][\/et_pb_section]<\/p>\n","protected":false},"excerpt":{"rendered":"<p>RECHERCHE ET \u00a0D\u00c9VELOPPEMENT Balistique terminale General Dynamics Ordnance and Tactical Systems \u2013 Canada (GD-OTS\u00a0\u2013 Canada peut calculer la \u00a0fragmentation, la l\u00e9talit\u00e9 et les m\u00e9canismes de fonctionnement des t\u00eates militaires \u00e0 l\u2019aide de divers logiciels. Le logiciel SplitX est utilis\u00e9 dans les \u00e9tudes de fragmentation pour d\u00e9terminer la vitesse des \u00e9clats, les angles d\u2019\u00e9jection, le nombre et la r\u00e9partition des masses de fragments. Il permet d\u2019obtenir des donn\u00e9es comparables \u00e0 celles obtenues lors de tests d\u2019ar\u00e8ne. Ces donn\u00e9es de fragmentation peuvent \u00eatre utilis\u00e9es pour des calculs de vuln\u00e9rabilit\u00e9. Les m\u00e9canismes de fonctionnement des t\u00eates militaires peuvent \u00eatre simul\u00e9s en utilisant le logiciel hydrocode LS-Dyna qui permet le calcul des d\u00e9formations \u00e0 tr\u00e8s haute vitesse. Les \u00e9tudes de vuln\u00e9rabilit\u00e9 sont effectu\u00e9es en utilisant un code interne bas\u00e9 sur \u00ab\u00a0M. LINDEMANN, \u00abA Computational Method for Predicting from Design Parameters the Effective Lethal Area of Naturally Fragmenting Weapons,\u00bb Indian Head, Maryland, 1969\u201d. Le \u00a0code calcule les contours de probabilit\u00e9 de l\u00e9talit\u00e9 et la zone l\u00e9tale pour divers angles de descente. Le d\u00e9partement Recherche et D\u00e9veloppement poss\u00e8de \u00e9galement un laboratoire en d\u00e9tonique permettant des essais sur de petites pi\u00e8ces. Liens connexes: Recherche et d\u00e9veloppement LAP tous calibres Traitement des explosifs Service de balistique externe Explosifs [&hellip;]<\/p>\n","protected":false},"author":30,"featured_media":0,"parent":3289,"menu_order":0,"comment_status":"closed","ping_status":"closed","template":"","meta":{"_et_pb_use_builder":"on","_et_pb_old_content":"","_et_gb_content_width":"","footnotes":""},"dipi_cpt_category":[],"class_list":["post-3330","page","type-page","status-publish","hentry"],"_links":{"self":[{"href":"https:\/\/www.gdotscanada.com\/fr\/wp-json\/wp\/v2\/pages\/3330","targetHints":{"allow":["GET"]}}],"collection":[{"href":"https:\/\/www.gdotscanada.com\/fr\/wp-json\/wp\/v2\/pages"}],"about":[{"href":"https:\/\/www.gdotscanada.com\/fr\/wp-json\/wp\/v2\/types\/page"}],"author":[{"embeddable":true,"href":"https:\/\/www.gdotscanada.com\/fr\/wp-json\/wp\/v2\/users\/30"}],"replies":[{"embeddable":true,"href":"https:\/\/www.gdotscanada.com\/fr\/wp-json\/wp\/v2\/comments?post=3330"}],"version-history":[{"count":0,"href":"https:\/\/www.gdotscanada.com\/fr\/wp-json\/wp\/v2\/pages\/3330\/revisions"}],"up":[{"embeddable":true,"href":"https:\/\/www.gdotscanada.com\/fr\/wp-json\/wp\/v2\/pages\/3289"}],"wp:attachment":[{"href":"https:\/\/www.gdotscanada.com\/fr\/wp-json\/wp\/v2\/media?parent=3330"}],"wp:term":[{"taxonomy":"dipi_cpt_category","embeddable":true,"href":"https:\/\/www.gdotscanada.com\/fr\/wp-json\/wp\/v2\/dipi_cpt_category?post=3330"}],"curies":[{"name":"wp","href":"https:\/\/api.w.org\/{rel}","templated":true}]}}